{"id":3675,"date":"2023-02-09T17:07:23","date_gmt":"2023-02-09T17:07:23","guid":{"rendered":"https:\/\/www.quintadofundo.com\/partenariats\/"},"modified":"2023-08-04T10:04:52","modified_gmt":"2023-08-04T10:04:52","slug":"partenariats","status":"publish","type":"page","link":"https:\/\/www.quintadofundo.com\/fr\/partenariats\/","title":{"rendered":"Partenariats"},"content":{"rendered":"<p><div class=\"fusion-bg-parallax\" data-bg-align=\"center center\" data-direction=\"up\" data-mute=\"false\" data-opacity=\"100\" data-velocity=\"-0.3\" data-mobile-enabled=\"false\" data-break_parents=\"0\" data-bg-image=\"https:\/\/www.quintadofundo.com\/wp-content\/uploads\/2023\/07\/IMG_2386-scaled.jpg\" data-bg-repeat=\"false\" ><\/div><div class=\"fusion-fullwidth fullwidth-box fusion-builder-row-1 fusion-flex-container fusion-parallax-up hundred-percent-fullwidth non-hundred-percent-height-scrolling lazyload\" style=\"background-color: rgba(255,255,255,0);background-position: center center;background-repeat: no-repeat;border-width: 0px 0px 0px 0px;border-color:#eae9e9;border-style:solid;-webkit-background-size:cover;-moz-background-size:cover;-o-background-size:cover;background-size:cover;\" data-bg=\"https:\/\/www.quintadofundo.com\/wp-content\/uploads\/2023\/07\/IMG_2386-scaled.jpg\" ><div class=\"fusion-builder-row fusion-row fusion-flex-align-items-stretch fusion-flex-justify-content-center\" style=\"width:104% !important;max-width:104% !important;margin-left: calc(-4% \/ 2 );margin-right: calc(-4% \/ 2 );\"><div class=\"fusion-layout-column fusion_builder_column fusion-builder-column-0 fusion_builder_column_1_1 1_1 fusion-flex-column fusion-flex-align-self-flex-end\"><div class=\"fusion-column-wrapper fusion-flex-justify-content-flex-end fusion-content-layout-row fusion-flex-align-items-flex-end\" style=\"background-position:left top;background-repeat:no-repeat;-webkit-background-size:cover;-moz-background-size:cover;-o-background-size:cover;background-size:cover;padding: 0px 0px 0px 0px;\"><div style=\"text-align:center;\"><style>.fusion-imageframe.imageframe-1{ margin-top : 0px;margin-right : 0px;margin-bottom : 0px;margin-left : 0px;}<\/style><span class=\" fusion-imageframe imageframe-dropshadow imageframe-1 hover-type-none\" style=\"-webkit-box-shadow: 19px 19px 23px rgba(0,0,0,0.3);box-shadow: 19px 19px 23px rgba(0,0,0,0.3);\"><img decoding=\"async\" width=\"1200\" height=\"100\" alt=\"quinta do fundo turismo rural em mondim de basto\" src=\"https:\/\/www.quintadofundo.com\/wp-content\/uploads\/2023\/07\/topo-final-12.png\" class=\"img-responsive wp-image-3482 disable-lazyload\" srcset=\"https:\/\/www.quintadofundo.com\/wp-content\/uploads\/2023\/07\/topo-final-12-200x17.png 200w, https:\/\/www.quintadofundo.com\/wp-content\/uploads\/2023\/07\/topo-final-12-400x33.png 400w, https:\/\/www.quintadofundo.com\/wp-content\/uploads\/2023\/07\/topo-final-12-600x50.png 600w, https:\/\/www.quintadofundo.com\/wp-content\/uploads\/2023\/07\/topo-final-12-800x67.png 800w, https:\/\/www.quintadofundo.com\/wp-content\/uploads\/2023\/07\/topo-final-12.png 1200w\" sizes=\"(max-width: 1024px) 100vw, (max-width: 640px) 100vw, 1200px\" \/><\/span><\/div><\/div><style type=\"text\/css\">.fusion-body .fusion-builder-column-0{width:100% !important;margin-top : 0px;margin-bottom : 0px;}.fusion-builder-column-0 > .fusion-column-wrapper {padding-top : 0px !important;padding-right : 0px !important;margin-right : 1.92%;padding-bottom : 0px !important;padding-left : 0px !important;margin-left : 1.92%;}@media only screen and (max-width:1024px) {.fusion-body .fusion-builder-column-0{width:100% !important;order : 0;}.fusion-builder-column-0 > .fusion-column-wrapper {margin-right : 1.92%;margin-left : 1.92%;}}@media only screen and (max-width:640px) {.fusion-body .fusion-builder-column-0{width:100% !important;order : 0;}.fusion-builder-column-0 > .fusion-column-wrapper {margin-right : 1.92%;margin-left : 1.92%;}}<\/style><\/div><\/div><style type=\"text\/css\">.fusion-body .fusion-flex-container.fusion-builder-row-1{ padding-top : 600px;margin-top : 0px;padding-right : 0px;padding-bottom : 0px;margin-bottom : 0px;padding-left : 0px;}<\/style><\/div><div class=\"fusion-fullwidth fullwidth-box fusion-builder-row-2 fusion-flex-container nonhundred-percent-fullwidth non-hundred-percent-height-scrolling\" style=\"background-color: #ffffff;background-position: center center;background-repeat: no-repeat;border-width: 0px 0px 0px 0px;border-color:#eae9e9;border-style:solid;\" ><div class=\"fusion-builder-row fusion-row fusion-flex-align-items-flex-start fusion-flex-justify-content-center\" style=\"max-width:1216.8px;margin-left: calc(-4% \/ 2 );margin-right: calc(-4% \/ 2 );\"><div class=\"fusion-layout-column fusion_builder_column fusion-builder-column-1 fusion_builder_column_1_1 1_1 fusion-flex-column fusion-flex-align-self-center\"><div class=\"fusion-column-wrapper fusion-flex-justify-content-flex-start fusion-content-layout-column\" style=\"background-position:left top;background-repeat:no-repeat;-webkit-background-size:cover;-moz-background-size:cover;-o-background-size:cover;background-size:cover;padding: 0px 00px 00px 0px;\"><div class=\"fusion-text fusion-text-1\"><h3>Quelques informations sur les activit\u00e9s de loisirs, les restaurants recommand\u00e9s, les magasins proposant des produits de la r\u00e9gion, entre autres.<\/h3>\n<\/div><\/div><style type=\"text\/css\">.fusion-body .fusion-builder-column-1{width:100% !important;margin-top : 30px;margin-bottom : 30px;}.fusion-builder-column-1 > .fusion-column-wrapper {padding-top : 0px !important;padding-right : 00px !important;margin-right : 1.92%;padding-bottom : 00px !important;padding-left : 0px !important;margin-left : 1.92%;}@media only screen and (max-width:1024px) {.fusion-body .fusion-builder-column-1{width:100% !important;order : 0;}.fusion-builder-column-1 > .fusion-column-wrapper {margin-right : 1.92%;margin-left : 1.92%;}}@media only screen and (max-width:640px) {.fusion-body .fusion-builder-column-1{width:100% !important;order : 0;}.fusion-builder-column-1 > .fusion-column-wrapper {margin-right : 1.92%;margin-left : 1.92%;}}<\/style><\/div><div class=\"fusion-layout-column fusion_builder_column fusion-builder-column-2 fusion_builder_column_4_5 4_5 fusion-flex-column fusion-flex-align-self-center\"><div class=\"fusion-column-wrapper fusion-flex-justify-content-flex-start fusion-content-layout-column\" style=\"background-position:left top;background-repeat:no-repeat;-webkit-background-size:cover;-moz-background-size:cover;-o-background-size:cover;background-size:cover;padding: 0px 00px 00px 0px;\"><div class=\"fusion-text fusion-text-2\" style=\"margin-top:25px;\"><h2>Ce qu&rsquo;il faut faire<\/h2>\n<\/div><div class=\"fusion-text fusion-text-3\"><ul>\n<li><a href=\"https:\/\/portrilhos.com\/\" target=\"_blank\" rel=\"noopener\"><strong>Par Trilhos de Basto<\/strong><\/a><br \/>\nActivit\u00e9s de plein air<\/li>\n<li><a href=\"https:\/\/www.penaterraeventos.pt\/\" target=\"_blank\" rel=\"noopener\"><strong>P\u00e9 na Terra &#8211; \u00c9v\u00e9nements<\/strong><\/a><br \/>\nChemins de randonn\u00e9e<\/li>\n<li><a href=\"https:\/\/www.quintadaraza.pt\/pt\/enoturismo\/\">Quinta da <strong>Raza<\/strong><\/a><br \/>\nEnoturimo<\/li>\n<\/ul>\n<\/div><\/div><style type=\"text\/css\">.fusion-body .fusion-builder-column-2{width:80% !important;margin-top : 0px;margin-bottom : 30px;}.fusion-builder-column-2 > .fusion-column-wrapper {padding-top : 0px !important;padding-right : 00px !important;margin-right : 2.4%;padding-bottom : 00px !important;padding-left : 0px !important;margin-left : 2.4%;}@media only screen and (max-width:1024px) {.fusion-body .fusion-builder-column-2{width:100% !important;order : 0;}.fusion-builder-column-2 > .fusion-column-wrapper {margin-right : 1.92%;margin-left : 1.92%;}}@media only screen and (max-width:640px) {.fusion-body .fusion-builder-column-2{width:100% !important;order : 0;}.fusion-builder-column-2 > .fusion-column-wrapper {margin-right : 1.92%;margin-left : 1.92%;}}<\/style><\/div><div class=\"fusion-layout-column fusion_builder_column fusion-builder-column-3 fusion_builder_column_4_5 4_5 fusion-flex-column fusion-flex-align-self-center\"><div class=\"fusion-column-wrapper fusion-flex-justify-content-flex-start fusion-content-layout-column\" style=\"background-position:left top;background-repeat:no-repeat;-webkit-background-size:cover;-moz-background-size:cover;-o-background-size:cover;background-size:cover;padding: 0px 00px 00px 0px;\"><div class=\"fusion-text fusion-text-4\" style=\"margin-top:25px;\"><h2>O\u00f9 manger<\/h2>\n<\/div><div class=\"fusion-text fusion-text-5\"><ul>\n<li><strong><br \/>\n  <a href=\"https:\/\/www.tripadvisor.pt\/Restaurant_Review-g1438510-d4725518-Reviews-Adega_7_Condes-Mondim_de_Basto_Vila_Real_District_Northern_Portugal.html\" target=\"_blank\" rel=\"noopener\">Adega 7 Condes<\/a><\/p>\n<p><\/strong>Europ\u00e9en, portugais, m\u00e9diterran\u00e9en, <strong>sain<br \/>\n<\/strong><\/li>\n<li><strong><br \/>\n  <a href=\"https:\/\/www.tripadvisor.pt\/Restaurant_Review-g1438510-d8435626-Reviews-Restaurante_Esplanada_Casa_do_Lago-Mondim_de_Basto_Vila_Real_District_Northern_P.html\">Maison du lac<\/a><\/p>\n<p><\/strong>Europ\u00e9en, Portugais<\/li>\n<li><strong><br \/>\n  <a href=\"https:\/\/www.tripadvisor.pt\/Restaurant_Review-g1438510-d4856232-Reviews-Casa_da_Cainha-Mondim_de_Basto_Vila_Real_District_Northern_Portugal.html\" target=\"_blank\" rel=\"noopener\">Casa da Ca\u00ednha<\/a><\/p>\n<p><\/strong>M\u00e9diterran\u00e9en, Europ\u00e9en, Diner am\u00e9ricain, Portugais<\/li>\n<li><a href=\"https:\/\/www.tripadvisor.pt\/Restaurant_Review-g1438510-d13207098-Reviews-Adega_Escondidinho-Mondim_de_Basto_Vila_Real_District_Northern_Portugal.html\" target=\"_blank\" rel=\"noopener\"><strong>Adega o Escondinho<\/strong><\/a><br \/>\nM\u00e9diterran\u00e9en, europ\u00e9en, portugais<\/li>\n<\/ul>\n<\/div><\/div><style type=\"text\/css\">.fusion-body .fusion-builder-column-3{width:80% !important;margin-top : 0px;margin-bottom : 30px;}.fusion-builder-column-3 > .fusion-column-wrapper {padding-top : 0px !important;padding-right : 00px !important;margin-right : 2.4%;padding-bottom : 00px !important;padding-left : 0px !important;margin-left : 2.4%;}@media only screen and (max-width:1024px) {.fusion-body .fusion-builder-column-3{width:100% !important;order : 0;}.fusion-builder-column-3 > .fusion-column-wrapper {margin-right : 1.92%;margin-left : 1.92%;}}@media only screen and (max-width:640px) {.fusion-body .fusion-builder-column-3{width:100% !important;order : 0;}.fusion-builder-column-3 > .fusion-column-wrapper {margin-right : 1.92%;margin-left : 1.92%;}}<\/style><\/div><div class=\"fusion-layout-column fusion_builder_column fusion-builder-column-4 fusion_builder_column_4_5 4_5 fusion-flex-column fusion-flex-align-self-center\"><div class=\"fusion-column-wrapper fusion-flex-justify-content-flex-start fusion-content-layout-column\" style=\"background-position:left top;background-repeat:no-repeat;-webkit-background-size:cover;-moz-background-size:cover;-o-background-size:cover;background-size:cover;padding: 0px 00px 00px 0px;\"><div class=\"fusion-text fusion-text-6\" style=\"margin-top:25px;\"><h2>O\u00f9 acheter du vin<\/h2>\n<\/div><div class=\"fusion-text fusion-text-7\"><ul>\n<li><a href=\"tps:\/\/www.casasantaeulalia.pt\">Maison de Sainte-Eulalie<\/a><br \/>\nVins<\/li>\n<li><a href=\"https:\/\/www.quintadaraza.pt\/pt\/\" target=\"_blank\" rel=\"noopener\">Quinta da Raza<\/a><br \/>\nVins<\/li>\n<li><a href=\"https:\/\/www.vinhoverde.pt\/pt\/onde-esta-a-sua-marca-preferida\/brand\/10701\" target=\"_blank\" rel=\"noopener\">Quinta d&rsquo;\u00d3nega<\/a><br \/>\nVins<\/li>\n<li><a href=\"http:\/\/www.carneirowines.pt\/\" target=\"_blank\" rel=\"noopener\">Domaine familial Carneiro<\/a><br \/>\nVins<\/li>\n<\/ul>\n<\/div><\/div><style type=\"text\/css\">.fusion-body .fusion-builder-column-4{width:80% !important;margin-top : 0px;margin-bottom : 30px;}.fusion-builder-column-4 > .fusion-column-wrapper {padding-top : 0px !important;padding-right : 00px !important;margin-right : 2.4%;padding-bottom : 00px !important;padding-left : 0px !important;margin-left : 2.4%;}@media only screen and (max-width:1024px) {.fusion-body .fusion-builder-column-4{width:100% !important;order : 0;}.fusion-builder-column-4 > .fusion-column-wrapper {margin-right : 1.92%;margin-left : 1.92%;}}@media only screen and (max-width:640px) {.fusion-body .fusion-builder-column-4{width:100% !important;order : 0;}.fusion-builder-column-4 > .fusion-column-wrapper {margin-right : 1.92%;margin-left : 1.92%;}}<\/style><\/div><\/div><style type=\"text\/css\">.fusion-body .fusion-flex-container.fusion-builder-row-2{ padding-top : 0px;margin-top : 0px;padding-right : 0px;padding-bottom : 0px;margin-bottom : 0px;padding-left : 0px;}<\/style><\/div><\/p>\n","protected":false},"excerpt":{"rendered":"","protected":false},"author":1,"featured_media":0,"parent":0,"menu_order":0,"comment_status":"closed","ping_status":"closed","template":"100-width.php","meta":{"footnotes":""},"class_list":["post-3675","page","type-page","status-publish","hentry"],"_links":{"self":[{"href":"https:\/\/www.quintadofundo.com\/fr\/wp-json\/wp\/v2\/pages\/3675","targetHints":{"allow":["GET"]}}],"collection":[{"href":"https:\/\/www.quintadofundo.com\/fr\/wp-json\/wp\/v2\/pages"}],"about":[{"href":"https:\/\/www.quintadofundo.com\/fr\/wp-json\/wp\/v2\/types\/page"}],"author":[{"embeddable":true,"href":"https:\/\/www.quintadofundo.com\/fr\/wp-json\/wp\/v2\/users\/1"}],"replies":[{"embeddable":true,"href":"https:\/\/www.quintadofundo.com\/fr\/wp-json\/wp\/v2\/comments?post=3675"}],"version-history":[{"count":1,"href":"https:\/\/www.quintadofundo.com\/fr\/wp-json\/wp\/v2\/pages\/3675\/revisions"}],"predecessor-version":[{"id":3698,"href":"https:\/\/www.quintadofundo.com\/fr\/wp-json\/wp\/v2\/pages\/3675\/revisions\/3698"}],"wp:attachment":[{"href":"https:\/\/www.quintadofundo.com\/fr\/wp-json\/wp\/v2\/media?parent=3675"}],"curies":[{"name":"wp","href":"https:\/\/api.w.org\/{rel}","templated":true}]}}