{"id":3590,"date":"2023-02-03T18:45:36","date_gmt":"2023-02-03T18:45:36","guid":{"rendered":"https:\/\/www.quintadofundo.com\/politique-de-reservation-et-regles-generales-de-la-quinta-do-fundo\/"},"modified":"2023-12-06T14:58:29","modified_gmt":"2023-12-06T14:58:29","slug":"politique-de-reservation-et-regles-generales-de-la-quinta-do-fundo","status":"publish","type":"page","link":"https:\/\/www.quintadofundo.com\/fr\/politique-de-reservation-et-regles-generales-de-la-quinta-do-fundo\/","title":{"rendered":"Politique de r\u00e9servation et r\u00e8gles g\u00e9n\u00e9rales de la Quinta do Fundo"},"content":{"rendered":"<p><div class=\"fusion-bg-parallax\" data-bg-align=\"center center\" data-direction=\"up\" data-mute=\"false\" data-opacity=\"100\" data-velocity=\"-0.3\" data-mobile-enabled=\"false\" data-break_parents=\"0\" data-bg-image=\"https:\/\/www.quintadofundo.com\/wp-content\/uploads\/2023\/06\/34-scaled.jpg\" data-bg-repeat=\"false\" ><\/div><div class=\"fusion-fullwidth fullwidth-box fusion-builder-row-1 fusion-flex-container fusion-parallax-up hundred-percent-fullwidth non-hundred-percent-height-scrolling lazyload\" style=\"background-color: rgba(255,255,255,0);background-position: center center;background-repeat: no-repeat;border-width: 0px 0px 0px 0px;border-color:#eae9e9;border-style:solid;-webkit-background-size:cover;-moz-background-size:cover;-o-background-size:cover;background-size:cover;\" data-bg=\"https:\/\/www.quintadofundo.com\/wp-content\/uploads\/2023\/06\/34-scaled.jpg\" ><div class=\"fusion-builder-row fusion-row fusion-flex-align-items-stretch fusion-flex-justify-content-center\" style=\"width:104% !important;max-width:104% !important;margin-left: calc(-4% \/ 2 );margin-right: calc(-4% \/ 2 );\"><div class=\"fusion-layout-column fusion_builder_column fusion-builder-column-0 fusion_builder_column_1_1 1_1 fusion-flex-column fusion-flex-align-self-flex-end\"><div class=\"fusion-column-wrapper fusion-flex-justify-content-flex-end fusion-content-layout-row fusion-flex-align-items-flex-end\" style=\"background-position:left top;background-repeat:no-repeat;-webkit-background-size:cover;-moz-background-size:cover;-o-background-size:cover;background-size:cover;padding: 0px 0px 0px 0px;\"><div style=\"text-align:center;\"><style>.fusion-imageframe.imageframe-1{ margin-top : 0px;margin-right : 0px;margin-bottom : 0px;margin-left : 0px;}<\/style><span class=\" fusion-imageframe imageframe-dropshadow imageframe-1 hover-type-none\" style=\"-webkit-box-shadow: 19px 19px 23px rgba(0,0,0,0.3);box-shadow: 19px 19px 23px rgba(0,0,0,0.3);\"><img decoding=\"async\" width=\"1200\" height=\"100\" alt=\"quinta do fundo turismo rural em mondim de basto\" src=\"https:\/\/www.quintadofundo.com\/wp-content\/uploads\/2023\/07\/topo-final-12.png\" class=\"img-responsive wp-image-3482 disable-lazyload\" srcset=\"https:\/\/www.quintadofundo.com\/wp-content\/uploads\/2023\/07\/topo-final-12-200x17.png 200w, https:\/\/www.quintadofundo.com\/wp-content\/uploads\/2023\/07\/topo-final-12-400x33.png 400w, https:\/\/www.quintadofundo.com\/wp-content\/uploads\/2023\/07\/topo-final-12-600x50.png 600w, https:\/\/www.quintadofundo.com\/wp-content\/uploads\/2023\/07\/topo-final-12-800x67.png 800w, https:\/\/www.quintadofundo.com\/wp-content\/uploads\/2023\/07\/topo-final-12.png 1200w\" sizes=\"(max-width: 1024px) 100vw, (max-width: 640px) 100vw, 1200px\" \/><\/span><\/div><\/div><style type=\"text\/css\">.fusion-body .fusion-builder-column-0{width:100% !important;margin-top : 0px;margin-bottom : 0px;}.fusion-builder-column-0 > .fusion-column-wrapper {padding-top : 0px !important;padding-right : 0px !important;margin-right : 1.92%;padding-bottom : 0px !important;padding-left : 0px !important;margin-left : 1.92%;}@media only screen and (max-width:1024px) {.fusion-body .fusion-builder-column-0{width:100% !important;order : 0;}.fusion-builder-column-0 > .fusion-column-wrapper {margin-right : 1.92%;margin-left : 1.92%;}}@media only screen and (max-width:640px) {.fusion-body .fusion-builder-column-0{width:100% !important;order : 0;}.fusion-builder-column-0 > .fusion-column-wrapper {margin-right : 1.92%;margin-left : 1.92%;}}<\/style><\/div><\/div><style type=\"text\/css\">.fusion-body .fusion-flex-container.fusion-builder-row-1{ padding-top : 600px;margin-top : 0px;padding-right : 0px;padding-bottom : 0px;margin-bottom : 0px;padding-left : 0px;}<\/style><\/div><div class=\"fusion-fullwidth fullwidth-box fusion-builder-row-2 fusion-flex-container nonhundred-percent-fullwidth non-hundred-percent-height-scrolling\" style=\"background-color: rgba(255,255,255,0);background-position: center center;background-repeat: no-repeat;border-width: 0px 0px 0px 0px;border-color:#eae9e9;border-style:solid;\" ><div class=\"fusion-builder-row fusion-row fusion-flex-align-items-flex-start\" style=\"max-width:1216.8px;margin-left: calc(-4% \/ 2 );margin-right: calc(-4% \/ 2 );\"><div class=\"fusion-layout-column fusion_builder_column fusion-builder-column-1 fusion_builder_column_1_1 1_1 fusion-flex-column\"><div class=\"fusion-column-wrapper fusion-flex-justify-content-flex-start fusion-content-layout-column\" style=\"background-position:left top;background-repeat:no-repeat;-webkit-background-size:cover;-moz-background-size:cover;-o-background-size:cover;background-size:cover;padding: 0px 0px 0px 0px;\"><div class=\"fusion-text fusion-text-1 fusion-text-no-margin\" style=\"margin-top:50px;margin-bottom:25px;\"><h1><strong>Politique de r\u00e9servation et r\u00e8gles g\u00e9n\u00e9rales de la Quinta do Fundo<\/strong><\/h1>\n<\/div><\/div><style type=\"text\/css\">.fusion-body .fusion-builder-column-1{width:100% !important;margin-top : 0px;margin-bottom : 30px;}.fusion-builder-column-1 > .fusion-column-wrapper {padding-top : 0px !important;padding-right : 0px !important;margin-right : 1.92%;padding-bottom : 0px !important;padding-left : 0px !important;margin-left : 1.92%;}@media only screen and (max-width:1024px) {.fusion-body .fusion-builder-column-1{width:100% !important;order : 0;}.fusion-builder-column-1 > .fusion-column-wrapper {margin-right : 1.92%;margin-left : 1.92%;}}@media only screen and (max-width:640px) {.fusion-body .fusion-builder-column-1{width:100% !important;order : 0;}.fusion-builder-column-1 > .fusion-column-wrapper {margin-right : 1.92%;margin-left : 1.92%;}}<\/style><\/div><div class=\"fusion-layout-column fusion_builder_column fusion-builder-column-2 fusion_builder_column_1_1 1_1 fusion-flex-column\"><div class=\"fusion-column-wrapper fusion-flex-justify-content-flex-start fusion-content-layout-column\" style=\"background-position:left top;background-repeat:no-repeat;-webkit-background-size:cover;-moz-background-size:cover;-o-background-size:cover;background-size:cover;padding: 0px 0px 0px 0px;\"><div class=\"fusion-text fusion-text-2\"><h4 style=\"text-align: justify;\">POLITIQUE DE R\u00c9SERVATION ET D&rsquo;ANNULATION<\/h4>\n<p style=\"text-align: justify;\">Quinta do Fundo est une propri\u00e9t\u00e9 de Quinta do Fundo, Sociedade Agro-tur\u00edstica, Lda. et toutes les r\u00e9servations et tous les s\u00e9jours sont assortis de conditions obligatoires, d\u00fbment d\u00e9crites ci-dessous pour qu&rsquo;il en soit pris connaissance et qu&rsquo;elles soient approuv\u00e9es.<\/p>\n<h4 style=\"text-align: justify;\">POLITIQUE DE R\u00c9SERVATION<\/h4>\n<p style=\"text-align: justify;\">Toute offre correspond \u00e0 la disponibilit\u00e9 actuelle du Quinta do Fundo et des modifications de cette disponibilit\u00e9 peuvent survenir.<br \/>\nToutes les r\u00e9servations doivent faire l&rsquo;objet d&rsquo;une confirmation \u00e9crite finale de la part de l&rsquo;h\u00f4te et de l&rsquo;invit\u00e9.<br \/>\nLes prix incluent la TVA (6%), l&rsquo;auto-enregistrement et le d\u00e9part \u00e0 prendre en compte, les services de m\u00e9nage applicables pendant le s\u00e9jour et le nettoyage final.<br \/>\nUn paiement non remboursable de 50 % du montant total doit \u00eatre effectu\u00e9 au moment de la r\u00e9servation et le solde doit \u00eatre pay\u00e9 deux (2) semaines avant l&rsquo;arriv\u00e9e.<br \/>\nSi le s\u00e9jour est pr\u00e9vu dans moins de deux (2) semaines au moment de la r\u00e9servation, le montant total doit \u00eatre pay\u00e9.<br \/>\nUn d\u00e9p\u00f4t de garantie de 10 % de la valeur de la r\u00e9servation peut \u00eatre vers\u00e9 avant l&rsquo;enregistrement ; en cas de non-v\u00e9rification des co\u00fbts impay\u00e9s ou des frais de dommages dus, un remboursement int\u00e9gral sera effectu\u00e9 dans les cinq (5) jours ouvrables suivant le d\u00e9part.<br \/>\nLes prix sont bas\u00e9s sur une occupation compl\u00e8te et, pour des raisons commerciales, il n&rsquo;est pas possible de prendre en compte un nombre inf\u00e9rieur d&rsquo;invit\u00e9s &#8211; uniquement dans des cas particuliers qui doivent \u00eatre analys\u00e9s et confirm\u00e9s.<br \/>\nS\u00e9jour minimum de deux (2) nuits requis (en haute saison).<br \/>\nArriv\u00e9e \u00e0 partir de 16 heures, d\u00e9part \u00e0 11 heures (d\u00e9part tardif sous r\u00e9serve de disponibilit\u00e9).<\/p>\n<h4 style=\"text-align: justify;\">POLITIQUE D&rsquo;ANNULATION<\/h4>\n<p style=\"text-align: justify;\">Avant la date d&rsquo;\u00e9ch\u00e9ance du paiement final, qui est fix\u00e9e \u00e0 deux semaines avant l&rsquo;enregistrement, le client doit informer par courrier \u00e9lectronique de son souhait de r\u00e9server \u00e0 nouveau.<br \/>\nEn cas d&rsquo;annulation, aucun remboursement ne sera effectu\u00e9.<br \/>\nLa r\u00e9servation sera annul\u00e9e si le deuxi\u00e8me paiement n&rsquo;est pas effectu\u00e9 et aucun montant ne sera rembours\u00e9 ou cr\u00e9dit\u00e9.<br \/>\nSi vous d\u00e9cidez de r\u00e9server \u00e0 nouveau votre s\u00e9jour, le montant pay\u00e9 sera conserv\u00e9 comme cr\u00e9dit pour votre nouveau s\u00e9jour.<br \/>\nSi le prix de location pour la nouvelle p\u00e9riode est plus \u00e9lev\u00e9, le montant manquant devra vous \u00eatre factur\u00e9.<br \/>\nCe n&rsquo;est que dans le cas o\u00f9 les autorit\u00e9s locales ordonneraient la fermeture de notre h\u00e9bergement que la ferme du Fonds se r\u00e9serve le droit d&rsquo;\u00e9mettre une nouvelle r\u00e9servation \u00e0 une date ult\u00e9rieure ne d\u00e9passant pas douze (12) mois \u00e0 compter de la r\u00e9servation initiale. C&rsquo;est uniquement dans ce cas et pour cette raison que nous vous demandons de reporter votre r\u00e9servation.<\/p>\n<h4 style=\"text-align: justify;\">R\u00c8GLEMENT INT\u00c9RIEUR<\/h4>\n<p style=\"text-align: justify;\">La politique de la ferme du Fonds consiste \u00e0 r\u00e9duire les r\u00e8gles au minimum. Nous sommes convaincus que les h\u00f4tes respecteront et prendront soin de la propri\u00e9t\u00e9 comme s&rsquo;il s&rsquo;agissait de la leur. En cas de manque de respect envers la maison ou le personnel, la Quinta do Fundo se r\u00e9serve le droit de demander le d\u00e9part imm\u00e9diat de la propri\u00e9t\u00e9, sans aucun remboursement. Un renvoi imm\u00e9diat (sans remboursement) devra avoir lieu si l&rsquo;on estime que l&rsquo;une des r\u00e8gles de la maison (ci-dessous) a \u00e9t\u00e9 enfreinte.<\/p>\n<h4 style=\"text-align: justify;\">CAPACIT\u00c9 MAXIMALE D&rsquo;ACCUEIL<\/h4>\n<p style=\"text-align: justify;\">Quinta do Fundo dispose de trois maisons, pouvant accueillir 10 personnes dans la Casa da Quinta, 2 personnes dans la Casa da Levada (plus un canap\u00e9-lit pouvant accueillir deux enfants jusqu&rsquo;\u00e0 12 ans, sur pr\u00e9avis) et 2 personnes dans la Casa da Eira (plus un canap\u00e9-lit pouvant accueillir deux enfants jusqu&rsquo;\u00e0 12 ans, sur pr\u00e9avis).<br \/>\nNous n&rsquo;acceptons pas et n&rsquo;avons pas de capacit\u00e9 d&rsquo;accueil pour les lits suppl\u00e9mentaires, autres que les lits d&rsquo;enfant.<br \/>\nVeuillez vous renseigner \u00e0 l&rsquo;avance sur les lits d&rsquo;enfant et les couchages disponibles.<\/p>\n<h4 style=\"text-align: justify;\">ENFANTS<\/h4>\n<p style=\"text-align: justify;\">Comme certains espaces autour de la maison et de la propri\u00e9t\u00e9 peuvent \u00eatre dangereux pour les jeunes enfants, les parents sont pri\u00e9s d&rsquo;\u00eatre vigilants, prudents et d&rsquo;accompagner leurs jeunes enfants \u00e0 tout moment. L&rsquo;\u00e9quipe fournit un lit d&rsquo;enfant et une chaise haute sur demande. Veuillez indiquer l&rsquo;\u00e2ge des enfants et les conditions de sommeil au moment de la r\u00e9servation.<\/p>\n<h4 style=\"text-align: justify;\">LES PERSONNES AYANT DES PROBL\u00c8MES DE MOBILIT\u00c9<\/h4>\n<p style=\"text-align: justify;\">Il est \u00e9galement signal\u00e9 que la maison n&rsquo;est que partiellement adapt\u00e9e aux personnes ayant des probl\u00e8mes de mobilit\u00e9. Veuillez prendre contact avec nous avant de r\u00e9server.<\/p>\n<h4 style=\"text-align: justify;\">ANIMAUX DOMESTIQUES<\/h4>\n<p style=\"text-align: justify;\">Les animaux domestiques ne sont pas admis dans la maison.<\/p>\n<h4 style=\"text-align: justify;\">BRUIT<\/h4>\n<p style=\"text-align: justify;\">Dans le respect du voisinage, il est demand\u00e9 que le bruit soit r\u00e9duit apr\u00e8s 23 heures.<\/p>\n<h4 style=\"text-align: justify;\">CUISINE<\/h4>\n<p style=\"text-align: justify;\">Bien que les h\u00f4tes puissent apporter des verres, des tasses et des assiettes dans n&rsquo;importe quelle pi\u00e8ce de la maison, il est demand\u00e9 qu&rsquo;ils soient ramass\u00e9s, nettoy\u00e9s et rang\u00e9s dans la cuisine.<br \/>\nUne attention particuli\u00e8re est requise car certains ustensiles de cuisine et couverts en bois, en corne, en nacre, en d&rsquo;autres mat\u00e9riaux naturels et certains articles synth\u00e9tiques doivent \u00eatre lav\u00e9s \u00e0 la main.<br \/>\nAvec l&rsquo;attention et l&rsquo;aide n\u00e9cessaires, le personnel de maison aura le temps d&rsquo;effectuer le nettoyage l\u00e9ger quotidien des chambres et des installations sanitaires sans vous d\u00e9ranger (ce service n&rsquo;est pas disponible le dimanche), renfor\u00e7ant ainsi le fait que l&rsquo;organisation et le nettoyage de la cuisine sont \u00e0 la charge du client.<\/p>\n<h4 style=\"text-align: justify;\">WI-FI<\/h4>\n<p style=\"text-align: justify;\">La maison principale, la terrasse principale et l&rsquo;espace piscine ont \u00e9t\u00e9 \u00e9quip\u00e9s d&rsquo;un syst\u00e8me satellite pour fournir le WiFi dans toutes ces zones. L&rsquo;utilisation est gratuite, mais pour assurer une connexion solide, il convient de mettre hors ligne les appareils qui ne sont pas utilis\u00e9s.<br \/>\nDans tout le domaine, plusieurs points d&rsquo;acc\u00e8s ont \u00e9t\u00e9 install\u00e9s<\/p>\n<h4 style=\"text-align: justify;\">RALENTISSEMENT NUM\u00c9RIQUE<\/h4>\n<p style=\"text-align: justify;\">Les h\u00f4tes sont encourag\u00e9s \u00e0 r\u00e9duire le num\u00e9rique au hors ligne, afin que Quinta do Fundo soit un lieu de socialisation avec les amis et la famille par le biais de la conversation, de la cr\u00e9ativit\u00e9 et de nouvelles exp\u00e9riences. Afin de donner une premi\u00e8re impulsion \u00e0 la r\u00e9duction num\u00e9rique, il a \u00e9t\u00e9 d\u00e9cid\u00e9 de ne pas utiliser de t\u00e9l\u00e9viseurs dans les chambres de la Casa da Quinta. Le seul t\u00e9l\u00e9viseur de la maison se trouve dans le salon.<\/p>\n<h4 style=\"text-align: justify;\">\u00c9V\u00c9NEMENTS<\/h4>\n<p style=\"text-align: justify;\">Tous les \u00e9v\u00e9nements doivent \u00eatre notifi\u00e9s \u00e0 l&rsquo;avance et sont soumis \u00e0 autorisation.<br \/>\nSi un \u00e9v\u00e9nement doit \u00eatre organis\u00e9 dans la maison ou si une s\u00e9ance de photos doit avoir lieu, un contact sp\u00e9cifique sera n\u00e9cessaire pour discuter des dispositions et convenir des conditions sp\u00e9cifiques.<br \/>\nLa maison ne convient pas aux enterrements de vie de gar\u00e7on ou aux mariages, mais plut\u00f4t aux r\u00e9ceptions s\u00e9lectives et aux \u00e9v\u00e9nements en plein air.<\/p>\n<h4 style=\"text-align: justify;\">IMAGE ET M\u00c9DIAS SOCIAUX<\/h4>\n<p style=\"text-align: justify;\">Et suppose que l&rsquo;h\u00f4te se mette d&rsquo;accord avec ses invit\u00e9s sur les images ou autres enregistrements de leur s\u00e9jour dans la maison qui peuvent \u00eatre pris et partag\u00e9s sur les m\u00e9dias sociaux ou autres. L&rsquo;\u00e9quipe de Quinta do Fundo a \u00e9t\u00e9 invit\u00e9e \u00e0 respecter les normes de confidentialit\u00e9 les plus strictes.<\/p>\n<h4 style=\"text-align: justify;\">CHEMIN\u00c9E ET BARBECUE<\/h4>\n<p style=\"text-align: justify;\">Selon la p\u00e9riode de l&rsquo;ann\u00e9e, l&rsquo;allumage de la chemin\u00e9e dans le salon et le confort des couvertures disponibles feront certainement la diff\u00e9rence. Pr\u00e9venir le personnel de maison s&rsquo;il est pr\u00e9vu d&rsquo;utiliser le barbecue et\/ou l&rsquo;une des chemin\u00e9es. Il convient de noter que pour les chemin\u00e9es, il faut commencer par une petite quantit\u00e9 de bois et l&rsquo;augmenter progressivement, et que pour le barbecue, seul du charbon de bois doit \u00eatre utilis\u00e9.<\/p>\n<h4 style=\"text-align: justify;\">RISQUES D&rsquo;INCENDIE<\/h4>\n<p style=\"text-align: justify;\">Il est essentiel d&rsquo;\u00e9viter \u00e0 tout moment les risques d&rsquo;incendie et de veiller \u00e0 ce qu&rsquo;aucun feu ou bougie ne soit laiss\u00e9 sans surveillance. Des extincteurs sont plac\u00e9s \u00e0 diff\u00e9rents endroits signal\u00e9s.<\/p>\n<h4 style=\"text-align: justify;\">\u00c9TIQUETTE DU FUMEUR<\/h4>\n<p style=\"text-align: justify;\">Il est demand\u00e9 de ne pas fumer \u00e0 l&rsquo;int\u00e9rieur de la maison, sauf \u00e0 l&rsquo;ext\u00e9rieur sur les terrasses.<br \/>\nVeuillez utiliser des cendriers externes et soyez conscients que des cendres chaudes ou un feu non surveill\u00e9 peuvent facilement d\u00e9clencher un incendie. Ne pas \u00e9teindre ou jeter les cigarettes ailleurs que dans les cendriers.<\/p>\n<h4 style=\"text-align: justify;\">LABEL PISCINE<\/h4>\n<p style=\"text-align: justify;\">La piscine est \u00e9quip\u00e9e d&rsquo;une douche qui doit \u00eatre utilis\u00e9e avant d&rsquo;entrer dans la piscine. Le traitement de l&rsquo;eau est \u00e0 base de sel. Les serviettes de piscine se trouvent dans chaque chambre dans un panier.<\/p>\n<h4 style=\"text-align: justify;\">CHANGER LES DRAPS ET LES SERVIETTES<\/h4>\n<p style=\"text-align: justify;\">La location de la maison comprend le changement des serviettes de bain, des draps et des serviettes de piscine le quatri\u00e8me (4) jour.<\/p>\n<h4 style=\"text-align: justify;\">RESPONSABILIT\u00c9<\/h4>\n<p style=\"text-align: justify;\">La personne qui fait la r\u00e9servation est responsable du comportement de ses invit\u00e9s et des dommages qu&rsquo;ils peuvent causer. La Ferme du Fonds se r\u00e9serve le droit de demander le d\u00e9part imm\u00e9diat (sans remboursement) s&rsquo;il est consid\u00e9r\u00e9 que vous auriez pu ne pas respecter le r\u00e8glement int\u00e9rieur, mettant en danger la propri\u00e9t\u00e9 ou une personne ou causant tout autre souci pour la protection de la propri\u00e9t\u00e9 et de l&rsquo;image de la propri\u00e9t\u00e9, contre les dommages mat\u00e9riels et le vol ou le danger humain de quelque nature que ce soit.<\/p>\n<h4 style=\"text-align: justify;\">R\u00c9CLAMATIONS<\/h4>\n<p style=\"text-align: justify;\">Si vous avez des plaintes \u00e0 formuler concernant votre exp\u00e9rience \u00e0 Quinta do Fundo ou ce site web, veuillez envoyer un courriel \u00e0 info@quintadofundo.com. Vous trouverez \u00e9galement dans la maison un \u00ab\u00a0cahier des plaintes\u00a0\u00bb officiel dans lequel vous pouvez enregistrer vos plaintes \u00e9crites. Tout sera mis en \u0153uvre pour r\u00e9pondre et r\u00e9soudre les probl\u00e8mes le plus rapidement possible.<\/p>\n<h4 style=\"text-align: justify;\">DISPUTES<\/h4>\n<p style=\"text-align: justify;\">En cas de litige entre les h\u00f4tes et Quinta do Fundo en relation avec les pr\u00e9sentes conditions, les lois du Portugal s&rsquo;appliqueront. Si l&rsquo;on souhaite intenter une action en justice contre le Fonds agricole dans la mesure o\u00f9 la loi applicable au lieu de r\u00e9sidence exige l&rsquo;application obligatoire d&rsquo;une autre loi et\/ou d&rsquo;une autre juridiction et\/ou d&rsquo;une autre exigence linguistique, qui ne peut \u00eatre l\u00e9galement exclue en vertu des pr\u00e9sentes conditions, auquel cas cette loi et\/ou cette juridiction et\/ou cette langue s&rsquo;appliquera dans la mesure o\u00f9 elle est l\u00e9galement requise.<\/p>\n<\/div><\/div><style type=\"text\/css\">.fusion-body .fusion-builder-column-2{width:100% !important;margin-top : 0px;margin-bottom : 30px;}.fusion-builder-column-2 > .fusion-column-wrapper {padding-top : 0px !important;padding-right : 0px !important;margin-right : 1.92%;padding-bottom : 0px !important;padding-left : 0px !important;margin-left : 1.92%;}@media only screen and (max-width:1024px) {.fusion-body .fusion-builder-column-2{width:100% !important;order : 0;}.fusion-builder-column-2 > .fusion-column-wrapper {margin-right : 1.92%;margin-left : 1.92%;}}@media only screen and (max-width:640px) {.fusion-body .fusion-builder-column-2{width:100% !important;order : 0;}.fusion-builder-column-2 > .fusion-column-wrapper {margin-right : 1.92%;margin-left : 1.92%;}}<\/style><\/div><\/div><style type=\"text\/css\">.fusion-body .fusion-flex-container.fusion-builder-row-2{ padding-top : 0px;margin-top : 0px;padding-right : 0px;padding-bottom : 0px;margin-bottom : 0px;padding-left : 0px;}<\/style><\/div><\/p>\n","protected":false},"excerpt":{"rendered":"","protected":false},"author":1,"featured_media":0,"parent":0,"menu_order":0,"comment_status":"closed","ping_status":"closed","template":"100-width.php","meta":{"footnotes":""},"class_list":["post-3590","page","type-page","status-publish","hentry"],"_links":{"self":[{"href":"https:\/\/www.quintadofundo.com\/fr\/wp-json\/wp\/v2\/pages\/3590","targetHints":{"allow":["GET"]}}],"collection":[{"href":"https:\/\/www.quintadofundo.com\/fr\/wp-json\/wp\/v2\/pages"}],"about":[{"href":"https:\/\/www.quintadofundo.com\/fr\/wp-json\/wp\/v2\/types\/page"}],"author":[{"embeddable":true,"href":"https:\/\/www.quintadofundo.com\/fr\/wp-json\/wp\/v2\/users\/1"}],"replies":[{"embeddable":true,"href":"https:\/\/www.quintadofundo.com\/fr\/wp-json\/wp\/v2\/comments?post=3590"}],"version-history":[{"count":15,"href":"https:\/\/www.quintadofundo.com\/fr\/wp-json\/wp\/v2\/pages\/3590\/revisions"}],"predecessor-version":[{"id":4889,"href":"https:\/\/www.quintadofundo.com\/fr\/wp-json\/wp\/v2\/pages\/3590\/revisions\/4889"}],"wp:attachment":[{"href":"https:\/\/www.quintadofundo.com\/fr\/wp-json\/wp\/v2\/media?parent=3590"}],"curies":[{"name":"wp","href":"https:\/\/api.w.org\/{rel}","templated":true}]}}