{"id":3568,"date":"2022-11-09T13:22:22","date_gmt":"2022-11-09T13:22:22","guid":{"rendered":"https:\/\/www.quintadofundo.com\/politique-de-confidentialite\/"},"modified":"2023-08-04T10:04:07","modified_gmt":"2023-08-04T10:04:07","slug":"politique-de-confidentialite","status":"publish","type":"page","link":"https:\/\/www.quintadofundo.com\/fr\/politique-de-confidentialite\/","title":{"rendered":"Politique de confidentialit\u00e9"},"content":{"rendered":"<p><div class=\"fusion-bg-parallax\" data-bg-align=\"center center\" data-direction=\"up\" data-mute=\"false\" data-opacity=\"100\" data-velocity=\"-0.3\" data-mobile-enabled=\"false\" data-break_parents=\"0\" data-bg-image=\"https:\/\/www.quintadofundo.com\/wp-content\/uploads\/2023\/06\/8-2-scaled.jpg\" data-bg-repeat=\"false\" ><\/div><div class=\"fusion-fullwidth fullwidth-box fusion-builder-row-1 fusion-flex-container fusion-parallax-up hundred-percent-fullwidth non-hundred-percent-height-scrolling lazyload\" style=\"background-color: rgba(255,255,255,0);background-position: center center;background-repeat: no-repeat;border-width: 0px 0px 0px 0px;border-color:#eae9e9;border-style:solid;-webkit-background-size:cover;-moz-background-size:cover;-o-background-size:cover;background-size:cover;\" data-bg=\"https:\/\/www.quintadofundo.com\/wp-content\/uploads\/2023\/06\/8-2-scaled.jpg\" ><div class=\"fusion-builder-row fusion-row fusion-flex-align-items-stretch fusion-flex-justify-content-center\" style=\"width:104% !important;max-width:104% !important;margin-left: calc(-4% \/ 2 );margin-right: calc(-4% \/ 2 );\"><div class=\"fusion-layout-column fusion_builder_column fusion-builder-column-0 fusion_builder_column_1_1 1_1 fusion-flex-column fusion-flex-align-self-flex-end\"><div class=\"fusion-column-wrapper fusion-flex-justify-content-flex-end fusion-content-layout-row fusion-flex-align-items-flex-end\" style=\"background-position:left top;background-repeat:no-repeat;-webkit-background-size:cover;-moz-background-size:cover;-o-background-size:cover;background-size:cover;padding: 0px 0px 0px 0px;\"><div style=\"text-align:center;\"><style>.fusion-imageframe.imageframe-1{ margin-top : 0px;margin-right : 0px;margin-bottom : 0px;margin-left : 0px;}<\/style><span class=\" fusion-imageframe imageframe-dropshadow imageframe-1 hover-type-none\" style=\"-webkit-box-shadow: 19px 19px 23px rgba(0,0,0,0.3);box-shadow: 19px 19px 23px rgba(0,0,0,0.3);\"><img decoding=\"async\" width=\"1200\" height=\"100\" alt=\"quinta do fundo turismo rural em mondim de basto\" title=\"fundo-5\" src=\"https:\/\/www.quintadofundo.com\/wp-content\/uploads\/2023\/06\/fundo-5.png\" class=\"img-responsive wp-image-3401 disable-lazyload\" srcset=\"https:\/\/www.quintadofundo.com\/wp-content\/uploads\/2023\/06\/fundo-5-200x17.png 200w, https:\/\/www.quintadofundo.com\/wp-content\/uploads\/2023\/06\/fundo-5-400x33.png 400w, https:\/\/www.quintadofundo.com\/wp-content\/uploads\/2023\/06\/fundo-5-600x50.png 600w, https:\/\/www.quintadofundo.com\/wp-content\/uploads\/2023\/06\/fundo-5-800x67.png 800w, https:\/\/www.quintadofundo.com\/wp-content\/uploads\/2023\/06\/fundo-5.png 1200w\" sizes=\"(max-width: 1024px) 100vw, (max-width: 640px) 100vw, 1200px\" \/><\/span><\/div><\/div><style type=\"text\/css\">.fusion-body .fusion-builder-column-0{width:100% !important;margin-top : 0px;margin-bottom : 0px;}.fusion-builder-column-0 > .fusion-column-wrapper {padding-top : 0px !important;padding-right : 0px !important;margin-right : 1.92%;padding-bottom : 0px !important;padding-left : 0px !important;margin-left : 1.92%;}@media only screen and (max-width:1024px) {.fusion-body .fusion-builder-column-0{width:100% !important;order : 0;}.fusion-builder-column-0 > .fusion-column-wrapper {margin-right : 1.92%;margin-left : 1.92%;}}@media only screen and (max-width:640px) {.fusion-body .fusion-builder-column-0{width:100% !important;order : 0;}.fusion-builder-column-0 > .fusion-column-wrapper {margin-right : 1.92%;margin-left : 1.92%;}}<\/style><\/div><\/div><style type=\"text\/css\">.fusion-body .fusion-flex-container.fusion-builder-row-1{ padding-top : 500px;margin-top : 0px;padding-right : 0px;padding-bottom : 0px;margin-bottom : 0px;padding-left : 0px;}<\/style><\/div><div class=\"fusion-fullwidth fullwidth-box fusion-builder-row-2 fusion-flex-container nonhundred-percent-fullwidth non-hundred-percent-height-scrolling\" style=\"background-color: rgba(255,255,255,0);background-position: center center;background-repeat: no-repeat;border-width: 0px 0px 0px 0px;border-color:#eae9e9;border-style:solid;\" ><div class=\"fusion-builder-row fusion-row fusion-flex-align-items-flex-start\" style=\"max-width:1216.8px;margin-left: calc(-4% \/ 2 );margin-right: calc(-4% \/ 2 );\"><div class=\"fusion-layout-column fusion_builder_column fusion-builder-column-1 fusion_builder_column_1_1 1_1 fusion-flex-column\"><div class=\"fusion-column-wrapper fusion-flex-justify-content-flex-start fusion-content-layout-column\" style=\"background-position:left top;background-repeat:no-repeat;-webkit-background-size:cover;-moz-background-size:cover;-o-background-size:cover;background-size:cover;padding: 0px 0px 0px 0px;\"><div class=\"fusion-text fusion-text-1 fusion-text-no-margin\" style=\"margin-top:25px;margin-bottom:25px;\"><h2>Politique de confidentialit\u00e9<\/h2>\n<\/div><div class=\"fusion-text fusion-text-2 fusion-text-no-margin\" style=\"margin-top:25px;margin-bottom:25px;\"><div class=\"c-component\">\n<div class=\"c-content default-content\">\n<div class=\"c-content-text\">\n<p>Quinta do Fundo, dont les coordonn\u00e9es figurent au bas de cette page, recueille des donn\u00e9es personnelles par le biais de son site web dans les contextes et conditions suivants :<\/p>\n<ol>\n<li><span class=\"c-rte-content-link-paragraph\">Les donn\u00e9es personnelles sont collect\u00e9es sur les formulaires aux fins indiqu\u00e9es et dans les conditions d\u00e9crites sur les formulaires respectifs. Pour permettre \u00e0 ces formulaires de fonctionner correctement, Quinta do Fundo utilise un cookie de session, consistant en un num\u00e9ro d&rsquo;identification g\u00e9n\u00e9r\u00e9 de mani\u00e8re al\u00e9atoire, qui est supprim\u00e9 \u00e0 la fin de la session lorsque l&rsquo;utilisateur ferme son navigateur.<\/span><\/li>\n<li>En ex\u00e9cution de l&rsquo;obligation l\u00e9gale d&rsquo;assurer la s\u00e9curit\u00e9 des syst\u00e8mes d&rsquo;information, pr\u00e9vue \u00e0 l&rsquo;article 32, paragraphe 1, du GDPR, Quinta do Fundo traite des donn\u00e9es \u00e0 caract\u00e8re personnel sur la base de l&rsquo;article 6, paragraphe 1, point c), du GDPR. Elle collecte les donn\u00e9es suivantes aupr\u00e8s des visiteurs de son site web : date et heure de la consultation, adresse IP (protocole Internet), type de navigateur utilis\u00e9 par le visiteur et pages consult\u00e9es. Ces donn\u00e9es sont conserv\u00e9es pour une dur\u00e9e maximale de 90 jours. Les donn\u00e9es personnelles collect\u00e9es ne sont pas analys\u00e9es, sauf en cas d&rsquo;incidents de s\u00e9curit\u00e9, auquel cas, apr\u00e8s analyse, elles sont communiqu\u00e9es aux autorit\u00e9s comp\u00e9tentes.<\/li>\n<\/ol>\n<p><span class=\"c-rte-content-link-paragraph\">Conform\u00e9ment au GDPR, les personnes concern\u00e9es peuvent exercer leurs droits d&rsquo;acc\u00e8s, de rectification, d&rsquo;opposition, de limitation et d&rsquo;effacement des donn\u00e9es \u00e0 caract\u00e8re personnel les concernant. L&rsquo;exercice des droits se fait par l&rsquo;interm\u00e9diaire du d\u00e9l\u00e9gu\u00e9 \u00e0 la protection des donn\u00e9es de la CNPD, par \u00e9crit, \u00e0 l&rsquo;adresse \u00e9lectronique suivante : info@quintadofundo.com<\/span><\/p>\n<p>Quinta do Fundo<br \/>\nDr Joana Gomes<br \/>\ninfo@quintadofundo.com<\/p>\n<\/div>\n<\/div>\n<\/div>\n<\/div><\/div><style type=\"text\/css\">.fusion-body .fusion-builder-column-1{width:100% !important;margin-top : 0px;margin-bottom : 30px;}.fusion-builder-column-1 > .fusion-column-wrapper {padding-top : 0px !important;padding-right : 0px !important;margin-right : 1.92%;padding-bottom : 0px !important;padding-left : 0px !important;margin-left : 1.92%;}@media only screen and (max-width:1024px) {.fusion-body .fusion-builder-column-1{width:100% !important;order : 0;}.fusion-builder-column-1 > .fusion-column-wrapper {margin-right : 1.92%;margin-left : 1.92%;}}@media only screen and (max-width:640px) {.fusion-body .fusion-builder-column-1{width:100% !important;order : 0;}.fusion-builder-column-1 > .fusion-column-wrapper {margin-right : 1.92%;margin-left : 1.92%;}}<\/style><\/div><\/div><style type=\"text\/css\">.fusion-body .fusion-flex-container.fusion-builder-row-2{ padding-top : 0px;margin-top : 0px;padding-right : 0px;padding-bottom : 0px;margin-bottom : 0px;padding-left : 0px;}<\/style><\/div><\/p>\n","protected":false},"excerpt":{"rendered":"","protected":false},"author":1,"featured_media":0,"parent":0,"menu_order":0,"comment_status":"closed","ping_status":"closed","template":"100-width.php","meta":{"footnotes":""},"class_list":["post-3568","page","type-page","status-publish","hentry"],"_links":{"self":[{"href":"https:\/\/www.quintadofundo.com\/fr\/wp-json\/wp\/v2\/pages\/3568","targetHints":{"allow":["GET"]}}],"collection":[{"href":"https:\/\/www.quintadofundo.com\/fr\/wp-json\/wp\/v2\/pages"}],"about":[{"href":"https:\/\/www.quintadofundo.com\/fr\/wp-json\/wp\/v2\/types\/page"}],"author":[{"embeddable":true,"href":"https:\/\/www.quintadofundo.com\/fr\/wp-json\/wp\/v2\/users\/1"}],"replies":[{"embeddable":true,"href":"https:\/\/www.quintadofundo.com\/fr\/wp-json\/wp\/v2\/comments?post=3568"}],"version-history":[{"count":2,"href":"https:\/\/www.quintadofundo.com\/fr\/wp-json\/wp\/v2\/pages\/3568\/revisions"}],"predecessor-version":[{"id":3570,"href":"https:\/\/www.quintadofundo.com\/fr\/wp-json\/wp\/v2\/pages\/3568\/revisions\/3570"}],"wp:attachment":[{"href":"https:\/\/www.quintadofundo.com\/fr\/wp-json\/wp\/v2\/media?parent=3568"}],"curies":[{"name":"wp","href":"https:\/\/api.w.org\/{rel}","templated":true}]}}