{"id":3538,"date":"2015-12-14T04:10:10","date_gmt":"2015-12-14T04:10:10","guid":{"rendered":"https:\/\/www.quintadofundo.com\/la-region\/"},"modified":"2024-06-10T16:44:47","modified_gmt":"2024-06-10T16:44:47","slug":"la-region","status":"publish","type":"page","link":"https:\/\/www.quintadofundo.com\/fr\/la-region\/","title":{"rendered":"La r\u00e9gion"},"content":{"rendered":"<p><div class=\"fusion-bg-parallax\" data-bg-align=\"center center\" data-direction=\"up\" data-mute=\"false\" data-opacity=\"100\" data-velocity=\"-0.3\" data-mobile-enabled=\"false\" data-break_parents=\"0\" data-bg-image=\"https:\/\/www.quintadofundo.com\/wp-content\/uploads\/2023\/06\/IMG_2241-scaled.jpg\" data-bg-repeat=\"false\" ><\/div><div class=\"fusion-fullwidth fullwidth-box fusion-builder-row-1 fusion-flex-container fusion-parallax-up hundred-percent-fullwidth non-hundred-percent-height-scrolling lazyload\" style=\"background-color: rgba(255,255,255,0);background-position: center center;background-repeat: no-repeat;border-width: 0px 0px 0px 0px;border-color:#eae9e9;border-style:solid;-webkit-background-size:cover;-moz-background-size:cover;-o-background-size:cover;background-size:cover;\" data-bg=\"https:\/\/www.quintadofundo.com\/wp-content\/uploads\/2023\/06\/IMG_2241-scaled.jpg\" ><div class=\"fusion-builder-row fusion-row fusion-flex-align-items-stretch fusion-flex-justify-content-center\" style=\"width:104% !important;max-width:104% !important;margin-left: calc(-4% \/ 2 );margin-right: calc(-4% \/ 2 );\"><div class=\"fusion-layout-column fusion_builder_column fusion-builder-column-0 fusion_builder_column_1_1 1_1 fusion-flex-column fusion-flex-align-self-flex-end\"><div class=\"fusion-column-wrapper fusion-flex-justify-content-flex-end fusion-content-layout-row fusion-flex-align-items-flex-end\" style=\"background-position:left top;background-repeat:no-repeat;-webkit-background-size:cover;-moz-background-size:cover;-o-background-size:cover;background-size:cover;padding: 0px 0px 0px 0px;\"><div style=\"text-align:center;\"><style>.fusion-imageframe.imageframe-1{ margin-top : 0px;margin-right : 0px;margin-bottom : 0px;margin-left : 0px;}<\/style><span class=\" fusion-imageframe imageframe-dropshadow imageframe-1 hover-type-none\" style=\"-webkit-box-shadow: 19px 19px 23px rgba(0,0,0,0.3);box-shadow: 19px 19px 23px rgba(0,0,0,0.3);\"><img decoding=\"async\" width=\"1200\" height=\"100\" alt=\"quinta do fundo turismo rural em mondim de basto\" src=\"https:\/\/www.quintadofundo.com\/wp-content\/uploads\/2023\/07\/topo-final-12.png\" class=\"img-responsive wp-image-3482 disable-lazyload\" srcset=\"https:\/\/www.quintadofundo.com\/wp-content\/uploads\/2023\/07\/topo-final-12-200x17.png 200w, https:\/\/www.quintadofundo.com\/wp-content\/uploads\/2023\/07\/topo-final-12-400x33.png 400w, https:\/\/www.quintadofundo.com\/wp-content\/uploads\/2023\/07\/topo-final-12-600x50.png 600w, https:\/\/www.quintadofundo.com\/wp-content\/uploads\/2023\/07\/topo-final-12-800x67.png 800w, https:\/\/www.quintadofundo.com\/wp-content\/uploads\/2023\/07\/topo-final-12.png 1200w\" sizes=\"(max-width: 1024px) 100vw, (max-width: 640px) 100vw, 1200px\" \/><\/span><\/div><\/div><style type=\"text\/css\">.fusion-body .fusion-builder-column-0{width:100% !important;margin-top : 0px;margin-bottom : 0px;}.fusion-builder-column-0 > .fusion-column-wrapper {padding-top : 0px !important;padding-right : 0px !important;margin-right : 1.92%;padding-bottom : 0px !important;padding-left : 0px !important;margin-left : 1.92%;}@media only screen and (max-width:1024px) {.fusion-body .fusion-builder-column-0{width:100% !important;order : 0;}.fusion-builder-column-0 > .fusion-column-wrapper {margin-right : 1.92%;margin-left : 1.92%;}}@media only screen and (max-width:640px) {.fusion-body .fusion-builder-column-0{width:100% !important;order : 0;}.fusion-builder-column-0 > .fusion-column-wrapper {margin-right : 1.92%;margin-left : 1.92%;}}<\/style><\/div><\/div><style type=\"text\/css\">.fusion-body .fusion-flex-container.fusion-builder-row-1{ padding-top : 600px;margin-top : 0px;padding-right : 0px;padding-bottom : 0px;margin-bottom : 0px;padding-left : 0px;}<\/style><\/div><div class=\"fusion-fullwidth fullwidth-box fusion-builder-row-2 fusion-flex-container nonhundred-percent-fullwidth non-hundred-percent-height-scrolling\" style=\"background-color: rgba(255,255,255,0);background-position: center center;background-repeat: no-repeat;border-width: 0px 0px 0px 0px;border-color:#eae9e9;border-style:solid;\" ><div class=\"fusion-builder-row fusion-row fusion-flex-align-items-flex-start fusion-flex-justify-content-center\" style=\"max-width:1216.8px;margin-left: calc(-4% \/ 2 );margin-right: calc(-4% \/ 2 );\"><div class=\"fusion-layout-column fusion_builder_column fusion-builder-column-1 fusion_builder_column_1_1 1_1 fusion-flex-column fusion-flex-align-self-center\"><div class=\"fusion-column-wrapper fusion-flex-justify-content-flex-start fusion-content-layout-row fusion-flex-align-items-center\" style=\"background-position:left top;background-repeat:no-repeat;-webkit-background-size:cover;-moz-background-size:cover;-o-background-size:cover;background-size:cover;border-radius:0px 0px 0px 25px;border-radius:0px 0px 0px 25px;overflow:hidden;padding: 0px 00px 00px 0px;\"><div class=\"fusion-text fusion-text-1 fusion-text-no-margin\" style=\"line-height:1;color:#000000;margin-top:00px;margin-right:25px;margin-bottom:00px;margin-left:10px;\"><h1>Mondim de Basto<\/h1>\n<\/div><div class=\"fusion-text fusion-text-2 fusion-text-no-margin\" style=\"line-height:1.5;color:#000000;margin-top:10px;margin-right:20px;margin-bottom:10px;margin-left:20px;\"><p style=\"text-align: justify;\">Mondim de Basto est une belle ville du nord du Portugal, si\u00e8ge de la municipalit\u00e9, situ\u00e9e \u00e0 la fronti\u00e8re entre Minho et Tr\u00e1s-os-Montes, sur la rive gauche de la rivi\u00e8re T\u00e2mega, sur le versant du verdoyant Monte Farinha, surmont\u00e9 du magnifique Sanctuaire de Senhora da Gra\u00e7a.<\/p>\n<p style=\"text-align: justify;\">Toute la municipalit\u00e9 de Mondim de Basto est situ\u00e9e dans une r\u00e9gion d&rsquo;une grande beaut\u00e9 naturelle, entre des collines et des paysages idylliques qui semblent perdus dans le temps, comme le parc naturel d&rsquo;Alv\u00e3o.<\/p>\n<p style=\"text-align: justify;\">Les origines de Mondim de Basto sont tr\u00e8s anciennes, et l&rsquo;on sait que des civilisations Castro y ont v\u00e9cu (sur le Monte Farinha, on trouve des traces de trois Castro diff\u00e9rents), avant d&rsquo;\u00eatre conquises au IIe si\u00e8cle avant J.-C. par les Romains, et il n&rsquo;y a aucune certitude quant \u00e0 l&rsquo;occupation par d&rsquo;autres peuples.<br \/>\nAu fil des si\u00e8cles, Mondim de Basto a conserv\u00e9 le caract\u00e8re rural et agricole qui la caract\u00e9rise encore, avec des monuments tels que l&rsquo;\u00e9glise m\u00e8re romane, qui a subi quelques modifications au fil des si\u00e8cles, ou les chapelles du Senhor, de Nossa Senhora da Piedade, de Senhora da Ponte et de S. Sebasti\u00e3o, ainsi que plusieurs \u00ab\u00a0alminhas\u00a0\u00bb diss\u00e9min\u00e9es dans la r\u00e9gion, qui t\u00e9moignent de la ferveur religieuse ancestrale de ces contr\u00e9es. \u00c0 noter \u00e9galement le Ponte de Vilar de Viando, un pont m\u00e9di\u00e9val, probablement reconstruit \u00e0 partir d&rsquo;un autre pont romain.<\/p>\n<p style=\"text-align: justify;\">Dans toute la r\u00e9gion, on trouve plusieurs manoirs, demeures seigneuriales et petits palais qui t\u00e9moignent de l&rsquo;importance \u00e9conomique de la r\u00e9gion, due \u00e0 la fertilit\u00e9 des sols, comme la Casa do Eir\u00f4, datant du XVIIIe si\u00e8cle, ou le Solar dos Azevedos, datant du VIIe si\u00e8cle.<br \/>\nLieu de tradition, Mondim de Basto compte deux centres d&rsquo;artisanat, dont les principaux produits sont le tissage du lin, les tapis et couvertures, la tonnellerie et la vannerie.<\/p>\n<p style=\"text-align: justify;\">La grande richesse de la municipalit\u00e9 de Mondim de Basto r\u00e9side dans l&rsquo;\u00e9norme diversit\u00e9 des attractions qu&rsquo;elle offre. Parmi ceux-ci, Nossa Senhora da Gra\u00e7a, avec toutes ses valeurs et ses charmes, et le parc naturel d&rsquo;Alv\u00e3o, o\u00f9 se distinguent les spectaculaires Fisgas de Ermelo, sont de dignes repr\u00e9sentants de notre patrimoine culturel, historique et environnemental.<\/p>\n<p style=\"text-align: justify;\">Ce voyage \u00e0 travers les terres de Mondim de Basto est motiv\u00e9 par des raisons plus attrayantes :<br \/>\nDes rivi\u00e8res de r\u00eave, des paysages \u00e9poustouflants, des ruisseaux d&rsquo;eau claire, des cascades et des ruisseaux, des coins cach\u00e9s, de l&rsquo;eau, beaucoup d&rsquo;eau et une for\u00eat \u00e0 perte de vue. La nature dans toute sa splendeur ! \u00c9glises et chapelles romanes, manoirs imposants, blasons, rues anciennes, chemins et sentiers, ponts et routes m\u00e9di\u00e9vales, castros et menhirs, cadrans solaires, piliers et croix, dans une promenade passionnante \u00e0 travers l&rsquo;histoire et la tradition.<\/p>\n<p style=\"text-align: justify;\">Les surprises ne s&rsquo;arr\u00eatent pas l\u00e0 :<br \/>\nVillages perdus \u00e0 l&rsquo;horizon, maisons et balcons de Tr\u00e1s-os-Montes, sardines et \u0153illets suspendus aux fen\u00eatres, montagnes touchant le ciel, vignes suspendues, paniers et \u00e9chelles de vendange, caves et moulins, charrettes \u00e0 b\u0153ufs grin\u00e7antes, champs de ma\u00efs, aires de battage et greniers, d\u00e9foliation, moulins \u00e0 eau, b\u00e9tail de race Maronesa, troupeaux et bergers, lavoirs, fontaines, m\u00e9tiers \u00e0 tisser le lin, des gens qui travaillent, beaucoup de gens, la ruralit\u00e9 comme valeur primordiale !<\/p>\n<p style=\"text-align: justify;\">Randonn\u00e9es, sports extr\u00eames, promenades, chasse, p\u00eache, pique-niques en montagne ou au bord de la rivi\u00e8re, jardins et parcs, terrasses, air pur, plaisir de vivre !<br \/>\nF\u00eates et p\u00e8lerinages, processions, chars, tapis de fleurs lors de la solennit\u00e9 du Corps de Dieu, courtepointes de damas aux fen\u00eatres, chemin de croix en direct le Vendredi saint, nuit des p\u00e8lerins \u00e0 Santiago, Foire de la Terre en ao\u00fbt, steak de Maronesa grill\u00e9, chevreau r\u00f4ti au four \u00e0 bois, jambon et pain de ma\u00efs, vin dans la malga, cavacas, rosquilhos, p\u00e3o-de-l\u00f3 et bolo da Teixeira, miel de bruy\u00e8re de nos collines, cantigas ao desafio, ranchos et tocatas, guitares et s\u00e9r\u00e9nades au clair de lune, danses et soir\u00e9es d&rsquo;\u00e9t\u00e9, parce que la tradition est toujours ce qu&rsquo;elle \u00e9tait !<\/p>\n<\/div><\/div><style type=\"text\/css\">.fusion-body .fusion-builder-column-1{width:100% !important;margin-top : 30px;margin-bottom : 0px;}.fusion-builder-column-1 > .fusion-column-wrapper {padding-top : 0px !important;padding-right : 00px !important;margin-right : 1.92%;padding-bottom : 00px !important;padding-left : 0px !important;margin-left : 1.92%;}@media only screen and (max-width:1024px) {.fusion-body .fusion-builder-column-1{width:100% !important;order : 0;}.fusion-builder-column-1 > .fusion-column-wrapper {margin-right : 1.92%;margin-left : 1.92%;}}@media only screen and (max-width:640px) {.fusion-body .fusion-builder-column-1{width:100% !important;order : 0;}.fusion-builder-column-1 > .fusion-column-wrapper {margin-right : 1.92%;margin-left : 1.92%;}}<\/style><\/div><\/div><style type=\"text\/css\">.fusion-body .fusion-flex-container.fusion-builder-row-2{ padding-top : 0px;margin-top : 0px;padding-right : 0px;padding-bottom : 0px;margin-bottom : 0px;padding-left : 0px;}<\/style><\/div><div class=\"fusion-fullwidth fullwidth-box fusion-builder-row-3 fusion-flex-container nonhundred-percent-fullwidth non-hundred-percent-height-scrolling\" style=\"background-color: rgba(255,255,255,0);background-position: center center;background-repeat: no-repeat;border-width: 0px 0px 0px 0px;border-color:#eae9e9;border-style:solid;\" ><div class=\"fusion-builder-row fusion-row fusion-flex-align-items-flex-start\" style=\"max-width:1216.8px;margin-left: calc(-4% \/ 2 );margin-right: calc(-4% \/ 2 );\"><div class=\"fusion-layout-column fusion_builder_column fusion-builder-column-2 fusion_builder_column_1_1 1_1 fusion-flex-column\"><div class=\"fusion-column-wrapper fusion-flex-justify-content-flex-start fusion-content-layout-column\" style=\"background-position:left top;background-repeat:no-repeat;-webkit-background-size:cover;-moz-background-size:cover;-o-background-size:cover;background-size:cover;padding: 0px 0px 0px 0px;\"><div class=\"fusion-video fusion-youtube\" style=\"max-width:800px;max-height:450px;align-self:center; width:100%\"><div class=\"video-shortcode\"><lite-youtube videoid=\"PwYQjPrM0ZA\" params=\"wmode=transparent&autoplay=1\" title=\"YouTube video player 1\"><\/lite-youtube><\/div><\/div><div class=\"fusion-text fusion-text-3 fusion-text-no-margin\" style=\"margin-top:15px;margin-bottom:15px;\"><p style=\"text-align: center;\"><em>Vid\u00e9o promotionnelle : MONDIM DE BASTO &#8211; pour les explorateurs par nature<\/em><\/p>\n<\/div><div style=\"text-align:center;\"><style>.fusion-button.button-1 .fusion-button-text,.fusion-button.button-1 i{color:#888e86;}.fusion-button.button-1{border-color:#780404;border-radius:5px 5px 5px 5px;background:#ffffff;}.fusion-button.button-1:hover .fusion-button-text,.fusion-button.button-1:hover i,.fusion-button.button-1:focus .fusion-button-text,.fusion-button.button-1:focus i,.fusion-button.button-1:active .fusion-button-text,.fusion-button.button-1:active i{color:#ffffff;}.fusion-button.button-1:hover,.fusion-button.button-1:active,.fusion-button.button-1:focus{border-color:#780404;background:#d35606;}<\/style><a class=\"fusion-button button-flat button-small button-custom button-1 fusion-button-span-no \" target=\"_self\" href=\"https:\/\/www.quintadofundo.com\/fr\/reservations\/\" style=\"margin-top:50px;margin-bottom:50px;\"><i class=\"fa-laptop fas button-icon-left\" aria-hidden=\"true\"><\/i><span class=\"fusion-button-text\">R\u00c9SERVATIONS EN LIGNE<\/span><\/a><\/div><\/div><style type=\"text\/css\">.fusion-body .fusion-builder-column-2{width:100% !important;margin-top : 30px;margin-bottom : 30px;}.fusion-builder-column-2 > .fusion-column-wrapper {padding-top : 0px !important;padding-right : 0px !important;margin-right : 1.92%;padding-bottom : 0px !important;padding-left : 0px !important;margin-left : 1.92%;}@media only screen and (max-width:1024px) {.fusion-body .fusion-builder-column-2{width:100% !important;order : 0;}.fusion-builder-column-2 > .fusion-column-wrapper {margin-right : 1.92%;margin-left : 1.92%;}}@media only screen and (max-width:640px) {.fusion-body .fusion-builder-column-2{width:100% !important;order : 0;}.fusion-builder-column-2 > .fusion-column-wrapper {margin-right : 1.92%;margin-left : 1.92%;}}<\/style><\/div><\/div><style type=\"text\/css\">.fusion-body .fusion-flex-container.fusion-builder-row-3{ padding-top : 0px;margin-top : 0px;padding-right : 0px;padding-bottom : 0px;margin-bottom : 0px;padding-left : 0px;}<\/style><\/div><\/p>\n","protected":false},"excerpt":{"rendered":"","protected":false},"author":1,"featured_media":0,"parent":0,"menu_order":0,"comment_status":"closed","ping_status":"closed","template":"100-width.php","meta":{"footnotes":""},"class_list":["post-3538","page","type-page","status-publish","hentry"],"_links":{"self":[{"href":"https:\/\/www.quintadofundo.com\/fr\/wp-json\/wp\/v2\/pages\/3538","targetHints":{"allow":["GET"]}}],"collection":[{"href":"https:\/\/www.quintadofundo.com\/fr\/wp-json\/wp\/v2\/pages"}],"about":[{"href":"https:\/\/www.quintadofundo.com\/fr\/wp-json\/wp\/v2\/types\/page"}],"author":[{"embeddable":true,"href":"https:\/\/www.quintadofundo.com\/fr\/wp-json\/wp\/v2\/users\/1"}],"replies":[{"embeddable":true,"href":"https:\/\/www.quintadofundo.com\/fr\/wp-json\/wp\/v2\/comments?post=3538"}],"version-history":[{"count":9,"href":"https:\/\/www.quintadofundo.com\/fr\/wp-json\/wp\/v2\/pages\/3538\/revisions"}],"predecessor-version":[{"id":8597,"href":"https:\/\/www.quintadofundo.com\/fr\/wp-json\/wp\/v2\/pages\/3538\/revisions\/8597"}],"wp:attachment":[{"href":"https:\/\/www.quintadofundo.com\/fr\/wp-json\/wp\/v2\/media?parent=3538"}],"curies":[{"name":"wp","href":"https:\/\/api.w.org\/{rel}","templated":true}]}}