{"id":3564,"date":"2022-11-09T13:22:22","date_gmt":"2022-11-09T13:22:22","guid":{"rendered":"https:\/\/www.quintadofundo.com\/politica-de-privacidad\/"},"modified":"2023-08-04T10:04:07","modified_gmt":"2023-08-04T10:04:07","slug":"politica-de-privacidad","status":"publish","type":"page","link":"https:\/\/www.quintadofundo.com\/es\/politica-de-privacidad\/","title":{"rendered":"Pol\u00edtica de privacidad"},"content":{"rendered":"<p><div class=\"fusion-bg-parallax\" data-bg-align=\"center center\" data-direction=\"up\" data-mute=\"false\" data-opacity=\"100\" data-velocity=\"-0.3\" data-mobile-enabled=\"false\" data-break_parents=\"0\" data-bg-image=\"https:\/\/www.quintadofundo.com\/wp-content\/uploads\/2023\/06\/8-2-scaled.jpg\" data-bg-repeat=\"false\" ><\/div><div class=\"fusion-fullwidth fullwidth-box fusion-builder-row-1 fusion-flex-container fusion-parallax-up hundred-percent-fullwidth non-hundred-percent-height-scrolling lazyload\" style=\"background-color: rgba(255,255,255,0);background-position: center center;background-repeat: no-repeat;border-width: 0px 0px 0px 0px;border-color:#eae9e9;border-style:solid;-webkit-background-size:cover;-moz-background-size:cover;-o-background-size:cover;background-size:cover;\" data-bg=\"https:\/\/www.quintadofundo.com\/wp-content\/uploads\/2023\/06\/8-2-scaled.jpg\" ><div class=\"fusion-builder-row fusion-row fusion-flex-align-items-stretch fusion-flex-justify-content-center\" style=\"width:104% !important;max-width:104% !important;margin-left: calc(-4% \/ 2 );margin-right: calc(-4% \/ 2 );\"><div class=\"fusion-layout-column fusion_builder_column fusion-builder-column-0 fusion_builder_column_1_1 1_1 fusion-flex-column fusion-flex-align-self-flex-end\"><div class=\"fusion-column-wrapper fusion-flex-justify-content-flex-end fusion-content-layout-row fusion-flex-align-items-flex-end\" style=\"background-position:left top;background-repeat:no-repeat;-webkit-background-size:cover;-moz-background-size:cover;-o-background-size:cover;background-size:cover;padding: 0px 0px 0px 0px;\"><div style=\"text-align:center;\"><style>.fusion-imageframe.imageframe-1{ margin-top : 0px;margin-right : 0px;margin-bottom : 0px;margin-left : 0px;}<\/style><span class=\" fusion-imageframe imageframe-dropshadow imageframe-1 hover-type-none\" style=\"-webkit-box-shadow: 19px 19px 23px rgba(0,0,0,0.3);box-shadow: 19px 19px 23px rgba(0,0,0,0.3);\"><img decoding=\"async\" width=\"1200\" height=\"100\" alt=\"quinta do fundo turismo rural em mondim de basto\" title=\"fundo-5\" src=\"https:\/\/www.quintadofundo.com\/wp-content\/uploads\/2023\/06\/fundo-5.png\" class=\"img-responsive wp-image-3402 disable-lazyload\" srcset=\"https:\/\/www.quintadofundo.com\/wp-content\/uploads\/2023\/06\/fundo-5-200x17.png 200w, https:\/\/www.quintadofundo.com\/wp-content\/uploads\/2023\/06\/fundo-5-400x33.png 400w, https:\/\/www.quintadofundo.com\/wp-content\/uploads\/2023\/06\/fundo-5-600x50.png 600w, https:\/\/www.quintadofundo.com\/wp-content\/uploads\/2023\/06\/fundo-5-800x67.png 800w, https:\/\/www.quintadofundo.com\/wp-content\/uploads\/2023\/06\/fundo-5.png 1200w\" sizes=\"(max-width: 1024px) 100vw, (max-width: 640px) 100vw, 1200px\" \/><\/span><\/div><\/div><style type=\"text\/css\">.fusion-body .fusion-builder-column-0{width:100% !important;margin-top : 0px;margin-bottom : 0px;}.fusion-builder-column-0 > .fusion-column-wrapper {padding-top : 0px !important;padding-right : 0px !important;margin-right : 1.92%;padding-bottom : 0px !important;padding-left : 0px !important;margin-left : 1.92%;}@media only screen and (max-width:1024px) {.fusion-body .fusion-builder-column-0{width:100% !important;order : 0;}.fusion-builder-column-0 > .fusion-column-wrapper {margin-right : 1.92%;margin-left : 1.92%;}}@media only screen and (max-width:640px) {.fusion-body .fusion-builder-column-0{width:100% !important;order : 0;}.fusion-builder-column-0 > .fusion-column-wrapper {margin-right : 1.92%;margin-left : 1.92%;}}<\/style><\/div><\/div><style type=\"text\/css\">.fusion-body .fusion-flex-container.fusion-builder-row-1{ padding-top : 500px;margin-top : 0px;padding-right : 0px;padding-bottom : 0px;margin-bottom : 0px;padding-left : 0px;}<\/style><\/div><div class=\"fusion-fullwidth fullwidth-box fusion-builder-row-2 fusion-flex-container nonhundred-percent-fullwidth non-hundred-percent-height-scrolling\" style=\"background-color: rgba(255,255,255,0);background-position: center center;background-repeat: no-repeat;border-width: 0px 0px 0px 0px;border-color:#eae9e9;border-style:solid;\" ><div class=\"fusion-builder-row fusion-row fusion-flex-align-items-flex-start\" style=\"max-width:1216.8px;margin-left: calc(-4% \/ 2 );margin-right: calc(-4% \/ 2 );\"><div class=\"fusion-layout-column fusion_builder_column fusion-builder-column-1 fusion_builder_column_1_1 1_1 fusion-flex-column\"><div class=\"fusion-column-wrapper fusion-flex-justify-content-flex-start fusion-content-layout-column\" style=\"background-position:left top;background-repeat:no-repeat;-webkit-background-size:cover;-moz-background-size:cover;-o-background-size:cover;background-size:cover;padding: 0px 0px 0px 0px;\"><div class=\"fusion-text fusion-text-1 fusion-text-no-margin\" style=\"margin-top:25px;margin-bottom:25px;\"><h2>Pol\u00edtica de privacidad<\/h2>\n<\/div><div class=\"fusion-text fusion-text-2 fusion-text-no-margin\" style=\"margin-top:25px;margin-bottom:25px;\"><div class=\"c-component\">\n<div class=\"c-content default-content\">\n<div class=\"c-content-text\">\n<p>Quinta do Fundo, cuyos datos de contacto figuran al final de esta p\u00e1gina, recoge datos personales a trav\u00e9s de su sitio web en los siguientes contextos y condiciones:<\/p>\n<ol>\n<li><span class=\"c-rte-content-link-paragraph\">Los datos personales se recogen en los formularios para los fines indicados y en las condiciones descritas en los respectivos formularios. Para permitir el correcto funcionamiento de estos formularios, Quinta do Fundo utiliza una cookie de sesi\u00f3n, consistente en un n\u00famero de identificaci\u00f3n generado aleatoriamente, que se borra al final de la sesi\u00f3n cuando el usuario cierra su navegador.<\/span><\/li>\n<li>En cumplimiento de la obligaci\u00f3n legal de garantizar la seguridad de los sistemas de informaci\u00f3n, prevista en el art\u00edculo 32, apartado 1, del RGPD, Quinta do Fundo trata datos personales sobre la base del art\u00edculo 6, apartado 1, letra c), del RGPD. Recoge los siguientes datos de los visitantes de su sitio web: fecha y hora de la consulta, direcci\u00f3n IP (protocolo de Internet), tipo de navegador utilizado por el visitante y p\u00e1ginas consultadas. Estos datos se conservan un m\u00e1ximo de 90 d\u00edas. Los datos personales recogidos no se analizan, a menos que se produzca alg\u00fan incidente de seguridad, en cuyo caso, tras su an\u00e1lisis, se comunican a las autoridades competentes.<\/li>\n<\/ol>\n<p><span class=\"c-rte-content-link-paragraph\">De conformidad con el RGPD, los interesados podr\u00e1n ejercer sus derechos de acceso, rectificaci\u00f3n, oposici\u00f3n, limitaci\u00f3n y supresi\u00f3n de los datos personales que les conciernan. El ejercicio de los derechos se realiza a trav\u00e9s del responsable de protecci\u00f3n de datos del CNPD, por escrito, a la siguiente direcci\u00f3n de correo electr\u00f3nico: info@quintadofundo.com<\/span><\/p>\n<p>Quinta do Fundo<br \/>\nDra. Joana Gomes<br \/>\ninfo@quintadofundo.com<\/p>\n<\/div>\n<\/div>\n<\/div>\n<\/div><\/div><style type=\"text\/css\">.fusion-body .fusion-builder-column-1{width:100% !important;margin-top : 0px;margin-bottom : 30px;}.fusion-builder-column-1 > .fusion-column-wrapper {padding-top : 0px !important;padding-right : 0px !important;margin-right : 1.92%;padding-bottom : 0px !important;padding-left : 0px !important;margin-left : 1.92%;}@media only screen and (max-width:1024px) {.fusion-body .fusion-builder-column-1{width:100% !important;order : 0;}.fusion-builder-column-1 > .fusion-column-wrapper {margin-right : 1.92%;margin-left : 1.92%;}}@media only screen and (max-width:640px) {.fusion-body .fusion-builder-column-1{width:100% !important;order : 0;}.fusion-builder-column-1 > .fusion-column-wrapper {margin-right : 1.92%;margin-left : 1.92%;}}<\/style><\/div><\/div><style type=\"text\/css\">.fusion-body .fusion-flex-container.fusion-builder-row-2{ padding-top : 0px;margin-top : 0px;padding-right : 0px;padding-bottom : 0px;margin-bottom : 0px;padding-left : 0px;}<\/style><\/div><\/p>\n","protected":false},"excerpt":{"rendered":"","protected":false},"author":1,"featured_media":0,"parent":0,"menu_order":0,"comment_status":"closed","ping_status":"closed","template":"100-width.php","meta":{"footnotes":""},"class_list":["post-3564","page","type-page","status-publish","hentry"],"_links":{"self":[{"href":"https:\/\/www.quintadofundo.com\/es\/wp-json\/wp\/v2\/pages\/3564","targetHints":{"allow":["GET"]}}],"collection":[{"href":"https:\/\/www.quintadofundo.com\/es\/wp-json\/wp\/v2\/pages"}],"about":[{"href":"https:\/\/www.quintadofundo.com\/es\/wp-json\/wp\/v2\/types\/page"}],"author":[{"embeddable":true,"href":"https:\/\/www.quintadofundo.com\/es\/wp-json\/wp\/v2\/users\/1"}],"replies":[{"embeddable":true,"href":"https:\/\/www.quintadofundo.com\/es\/wp-json\/wp\/v2\/comments?post=3564"}],"version-history":[{"count":2,"href":"https:\/\/www.quintadofundo.com\/es\/wp-json\/wp\/v2\/pages\/3564\/revisions"}],"predecessor-version":[{"id":3567,"href":"https:\/\/www.quintadofundo.com\/es\/wp-json\/wp\/v2\/pages\/3564\/revisions\/3567"}],"wp:attachment":[{"href":"https:\/\/www.quintadofundo.com\/es\/wp-json\/wp\/v2\/media?parent=3564"}],"curies":[{"name":"wp","href":"https:\/\/api.w.org\/{rel}","templated":true}]}}