{"id":3540,"date":"2015-12-14T04:10:10","date_gmt":"2015-12-14T04:10:10","guid":{"rendered":"https:\/\/www.quintadofundo.com\/la-region\/"},"modified":"2024-06-10T16:44:47","modified_gmt":"2024-06-10T16:44:47","slug":"la-region","status":"publish","type":"page","link":"https:\/\/www.quintadofundo.com\/es\/la-region\/","title":{"rendered":"La Regi\u00f3n"},"content":{"rendered":"<p><div class=\"fusion-bg-parallax\" data-bg-align=\"center center\" data-direction=\"up\" data-mute=\"false\" data-opacity=\"100\" data-velocity=\"-0.3\" data-mobile-enabled=\"false\" data-break_parents=\"0\" data-bg-image=\"https:\/\/www.quintadofundo.com\/wp-content\/uploads\/2023\/06\/IMG_2241-scaled.jpg\" data-bg-repeat=\"false\" ><\/div><div class=\"fusion-fullwidth fullwidth-box fusion-builder-row-1 fusion-flex-container fusion-parallax-up hundred-percent-fullwidth non-hundred-percent-height-scrolling lazyload\" style=\"background-color: rgba(255,255,255,0);background-position: center center;background-repeat: no-repeat;border-width: 0px 0px 0px 0px;border-color:#eae9e9;border-style:solid;-webkit-background-size:cover;-moz-background-size:cover;-o-background-size:cover;background-size:cover;\" data-bg=\"https:\/\/www.quintadofundo.com\/wp-content\/uploads\/2023\/06\/IMG_2241-scaled.jpg\" ><div class=\"fusion-builder-row fusion-row fusion-flex-align-items-stretch fusion-flex-justify-content-center\" style=\"width:104% !important;max-width:104% !important;margin-left: calc(-4% \/ 2 );margin-right: calc(-4% \/ 2 );\"><div class=\"fusion-layout-column fusion_builder_column fusion-builder-column-0 fusion_builder_column_1_1 1_1 fusion-flex-column fusion-flex-align-self-flex-end\"><div class=\"fusion-column-wrapper fusion-flex-justify-content-flex-end fusion-content-layout-row fusion-flex-align-items-flex-end\" style=\"background-position:left top;background-repeat:no-repeat;-webkit-background-size:cover;-moz-background-size:cover;-o-background-size:cover;background-size:cover;padding: 0px 0px 0px 0px;\"><div style=\"text-align:center;\"><style>.fusion-imageframe.imageframe-1{ margin-top : 0px;margin-right : 0px;margin-bottom : 0px;margin-left : 0px;}<\/style><span class=\" fusion-imageframe imageframe-dropshadow imageframe-1 hover-type-none\" style=\"-webkit-box-shadow: 19px 19px 23px rgba(0,0,0,0.3);box-shadow: 19px 19px 23px rgba(0,0,0,0.3);\"><img decoding=\"async\" width=\"1200\" height=\"100\" alt=\"quinta do fundo turismo rural em mondim de basto\" src=\"https:\/\/www.quintadofundo.com\/wp-content\/uploads\/2023\/07\/topo-final-12.png\" class=\"img-responsive wp-image-3483 disable-lazyload\" srcset=\"https:\/\/www.quintadofundo.com\/wp-content\/uploads\/2023\/07\/topo-final-12-200x17.png 200w, https:\/\/www.quintadofundo.com\/wp-content\/uploads\/2023\/07\/topo-final-12-400x33.png 400w, https:\/\/www.quintadofundo.com\/wp-content\/uploads\/2023\/07\/topo-final-12-600x50.png 600w, https:\/\/www.quintadofundo.com\/wp-content\/uploads\/2023\/07\/topo-final-12-800x67.png 800w, https:\/\/www.quintadofundo.com\/wp-content\/uploads\/2023\/07\/topo-final-12.png 1200w\" sizes=\"(max-width: 1024px) 100vw, (max-width: 640px) 100vw, 1200px\" \/><\/span><\/div><\/div><style type=\"text\/css\">.fusion-body .fusion-builder-column-0{width:100% !important;margin-top : 0px;margin-bottom : 0px;}.fusion-builder-column-0 > .fusion-column-wrapper {padding-top : 0px !important;padding-right : 0px !important;margin-right : 1.92%;padding-bottom : 0px !important;padding-left : 0px !important;margin-left : 1.92%;}@media only screen and (max-width:1024px) {.fusion-body .fusion-builder-column-0{width:100% !important;order : 0;}.fusion-builder-column-0 > .fusion-column-wrapper {margin-right : 1.92%;margin-left : 1.92%;}}@media only screen and (max-width:640px) {.fusion-body .fusion-builder-column-0{width:100% !important;order : 0;}.fusion-builder-column-0 > .fusion-column-wrapper {margin-right : 1.92%;margin-left : 1.92%;}}<\/style><\/div><\/div><style type=\"text\/css\">.fusion-body .fusion-flex-container.fusion-builder-row-1{ padding-top : 600px;margin-top : 0px;padding-right : 0px;padding-bottom : 0px;margin-bottom : 0px;padding-left : 0px;}<\/style><\/div><div class=\"fusion-fullwidth fullwidth-box fusion-builder-row-2 fusion-flex-container nonhundred-percent-fullwidth non-hundred-percent-height-scrolling\" style=\"background-color: rgba(255,255,255,0);background-position: center center;background-repeat: no-repeat;border-width: 0px 0px 0px 0px;border-color:#eae9e9;border-style:solid;\" ><div class=\"fusion-builder-row fusion-row fusion-flex-align-items-flex-start fusion-flex-justify-content-center\" style=\"max-width:1216.8px;margin-left: calc(-4% \/ 2 );margin-right: calc(-4% \/ 2 );\"><div class=\"fusion-layout-column fusion_builder_column fusion-builder-column-1 fusion_builder_column_1_1 1_1 fusion-flex-column fusion-flex-align-self-center\"><div class=\"fusion-column-wrapper fusion-flex-justify-content-flex-start fusion-content-layout-row fusion-flex-align-items-center\" style=\"background-position:left top;background-repeat:no-repeat;-webkit-background-size:cover;-moz-background-size:cover;-o-background-size:cover;background-size:cover;border-radius:0px 0px 0px 25px;border-radius:0px 0px 0px 25px;overflow:hidden;padding: 0px 00px 00px 0px;\"><div class=\"fusion-text fusion-text-1 fusion-text-no-margin\" style=\"line-height:1;color:#000000;margin-top:00px;margin-right:25px;margin-bottom:00px;margin-left:10px;\"><h1>Mondim de Basto<\/h1>\n<\/div><div class=\"fusion-text fusion-text-2 fusion-text-no-margin\" style=\"line-height:1.5;color:#000000;margin-top:10px;margin-right:20px;margin-bottom:10px;margin-left:20px;\"><p style=\"text-align: justify;\">Mondim de Basto es una bella localidad del norte de Portugal, sede del municipio, situada en la frontera entre Minho y Tr\u00e1s-os-Montes, en la orilla izquierda del r\u00edo T\u00e2mega, en la ladera del verde Monte Farinha, coronado por el bello Santuario de Senhora da Gra\u00e7a.<\/p>\n<p style=\"text-align: justify;\">Todo el municipio de Mondim de Basto est\u00e1 situado en una zona de gran belleza natural, entre colinas y paisajes id\u00edlicos que parecen perdidos en el tiempo, como el Parque Natural de Alv\u00e3o.<\/p>\n<p style=\"text-align: justify;\">Los or\u00edgenes de Mondim de Basto son muy antiguos, y se sabe que aqu\u00ed vivieron civilizaciones castre\u00f1as (en el Monte Farinha hay vestigios de tres Castros diferentes), siendo conquistado en el siglo II a.C. por los romanos, y no hay certeza de ocupaci\u00f3n por otros pueblos.<br \/>\nA lo largo de los siglos, Mondim de Basto ha mantenido el car\u00e1cter rural y agr\u00edcola que a\u00fan la caracteriza, con monumentos como la Iglesia Matriz rom\u00e1nica, que ha sufrido algunas modificaciones a lo largo de los siglos, o las capillas del Senhor, Nossa Senhora da Piedade, Senhora da Ponte y S. Sebasti\u00e3o, as\u00ed como varias \u00abalminhas\u00bb diseminadas por la regi\u00f3n, que demuestran el ancestral fervor religioso de estas tierras. Tambi\u00e9n destaca el medieval Ponte de Vilar de Viando, probablemente reconstruido a partir de otro puente romano.<\/p>\n<p style=\"text-align: justify;\">En toda la regi\u00f3n hay varias casas solariegas, casas se\u00f1oriales y peque\u00f1os palacios, que atestiguan la importancia econ\u00f3mica de la zona, debido a los suelos f\u00e9rtiles, como la Casa do Eir\u00f4, del siglo XVIII o el Solar dos Azevedos del siglo VII.<br \/>\nLugar de tradici\u00f3n, en Mondim de Basto hay dos centros de artesan\u00eda, cuyos principales productos son el tejido de lino, las alfombras y mantas, la toneler\u00eda y la cester\u00eda.<\/p>\n<p style=\"text-align: justify;\">La gran riqueza del municipio de Mondim de Basto reside en la enorme diversidad de atractivos que ofrece. Entre ellos, Nossa Senhora da Gra\u00e7a, con todo su valor y encanto, y el Parque Natural de Alv\u00e3o, donde destacan las espectaculares Fisgas de Ermelo, son dignos representantes de nuestro patrimonio cultural, hist\u00f3rico y medioambiental.<\/p>\n<p style=\"text-align: justify;\">En este viaje por las tierras de Mondim de Basto hay m\u00e1s motivos atractivos:<br \/>\nR\u00edos de ensue\u00f1o, paisajes impresionantes, arroyos de agua cristalina, cascadas y riachuelos, rincones escondidos, agua, mucha agua y un bosque interminable. La naturaleza en todo su esplendor Iglesias y ermitas rom\u00e1nicas, imponentes casas solariegas, escudos de armas, viejas calles, caminos y senderos, puentes y calzadas medievales, castros y menhires, relojes de sol, picota y cruces, en un absorbente paseo por la historia y la tradici\u00f3n.<\/p>\n<p style=\"text-align: justify;\">Las sorpresas no acaban aqu\u00ed:<br \/>\nPueblos perdidos en el horizonte, casas y balcones de Tr\u00e1s-os-Montes, sardos y claveles colgados de las ventanas, monta\u00f1as tocando el cielo, vi\u00f1as colgantes, cestos y escaleras de vendimia, bodegas y molinos, chirriantes carretas de bueyes, maizales, eras y h\u00f3rreos, defoliaciones, molinos de agua, ganado de raza maronesa, reba\u00f1os y pastores, lavaderos, fuentes, telares de lino, gente trabajadora, mucha gente, \u00a1la ruralidad como valor primordial!<\/p>\n<p style=\"text-align: justify;\">Senderismo, deportes extremos, paseos, caza, pesca, picnics en la monta\u00f1a o junto al r\u00edo, jardines y parques, terrazas, aire puro, \u00a1el placer de vivir!<br \/>\nFiestas y romer\u00edas, procesiones, carrozas, alfombras de flores en la Solemnidad del Cuerpo de Dios, colchas de damasco en las ventanas, V\u00eda Crucis en directo el Viernes Santo, noche de peregrinos en Santiago, Feria de la Tierra en agosto, chulet\u00f3n de la Maronesa a la parrilla, cabrito asado en horno de le\u00f1a, jam\u00f3n y pan de ma\u00edz, vino en la malga, cavacas, rosquilhos, p\u00e3o-de-l\u00f3 y bolo da Teixeira, miel de brezo de nuestros montes, cantigas ao desafio, ranchos y tocatas, guitarras y serenatas a la luz de la luna, bailes y noches de verano, \u00a1porque la tradici\u00f3n sigue siendo lo que era!<\/p>\n<\/div><\/div><style type=\"text\/css\">.fusion-body .fusion-builder-column-1{width:100% !important;margin-top : 30px;margin-bottom : 0px;}.fusion-builder-column-1 > .fusion-column-wrapper {padding-top : 0px !important;padding-right : 00px !important;margin-right : 1.92%;padding-bottom : 00px !important;padding-left : 0px !important;margin-left : 1.92%;}@media only screen and (max-width:1024px) {.fusion-body .fusion-builder-column-1{width:100% !important;order : 0;}.fusion-builder-column-1 > .fusion-column-wrapper {margin-right : 1.92%;margin-left : 1.92%;}}@media only screen and (max-width:640px) {.fusion-body .fusion-builder-column-1{width:100% !important;order : 0;}.fusion-builder-column-1 > .fusion-column-wrapper {margin-right : 1.92%;margin-left : 1.92%;}}<\/style><\/div><\/div><style type=\"text\/css\">.fusion-body .fusion-flex-container.fusion-builder-row-2{ padding-top : 0px;margin-top : 0px;padding-right : 0px;padding-bottom : 0px;margin-bottom : 0px;padding-left : 0px;}<\/style><\/div><div class=\"fusion-fullwidth fullwidth-box fusion-builder-row-3 fusion-flex-container nonhundred-percent-fullwidth non-hundred-percent-height-scrolling\" style=\"background-color: rgba(255,255,255,0);background-position: center center;background-repeat: no-repeat;border-width: 0px 0px 0px 0px;border-color:#eae9e9;border-style:solid;\" ><div class=\"fusion-builder-row fusion-row fusion-flex-align-items-flex-start\" style=\"max-width:1216.8px;margin-left: calc(-4% \/ 2 );margin-right: calc(-4% \/ 2 );\"><div class=\"fusion-layout-column fusion_builder_column fusion-builder-column-2 fusion_builder_column_1_1 1_1 fusion-flex-column\"><div class=\"fusion-column-wrapper fusion-flex-justify-content-flex-start fusion-content-layout-column\" style=\"background-position:left top;background-repeat:no-repeat;-webkit-background-size:cover;-moz-background-size:cover;-o-background-size:cover;background-size:cover;padding: 0px 0px 0px 0px;\"><div class=\"fusion-video fusion-youtube\" style=\"max-width:800px;max-height:450px;align-self:center; width:100%\"><div class=\"video-shortcode\"><lite-youtube videoid=\"PwYQjPrM0ZA\" params=\"wmode=transparent&autoplay=1\" title=\"YouTube video player 1\"><\/lite-youtube><\/div><\/div><div class=\"fusion-text fusion-text-3 fusion-text-no-margin\" style=\"margin-top:15px;margin-bottom:15px;\"><p style=\"text-align: center;\"><em>V\u00eddeo promocional : MONDIM DE BASTO &#8211; para exploradores por naturaleza<\/em><\/p>\n<\/div><div style=\"text-align:center;\"><style>.fusion-button.button-1 .fusion-button-text,.fusion-button.button-1 i{color:#888e86;}.fusion-button.button-1{border-color:#780404;border-radius:5px 5px 5px 5px;background:#ffffff;}.fusion-button.button-1:hover .fusion-button-text,.fusion-button.button-1:hover i,.fusion-button.button-1:focus .fusion-button-text,.fusion-button.button-1:focus i,.fusion-button.button-1:active .fusion-button-text,.fusion-button.button-1:active i{color:#ffffff;}.fusion-button.button-1:hover,.fusion-button.button-1:active,.fusion-button.button-1:focus{border-color:#780404;background:#d35606;}<\/style><a class=\"fusion-button button-flat button-small button-custom button-1 fusion-button-span-no \" target=\"_self\" href=\"https:\/\/www.quintadofundo.com\/es\/reservas\/\" style=\"margin-top:50px;margin-bottom:50px;\"><i class=\"fa-laptop fas button-icon-left\" aria-hidden=\"true\"><\/i><span class=\"fusion-button-text\">RESERVAS EN L\u00cdNEA<\/span><\/a><\/div><\/div><style type=\"text\/css\">.fusion-body .fusion-builder-column-2{width:100% !important;margin-top : 30px;margin-bottom : 30px;}.fusion-builder-column-2 > .fusion-column-wrapper {padding-top : 0px !important;padding-right : 0px !important;margin-right : 1.92%;padding-bottom : 0px !important;padding-left : 0px !important;margin-left : 1.92%;}@media only screen and (max-width:1024px) {.fusion-body .fusion-builder-column-2{width:100% !important;order : 0;}.fusion-builder-column-2 > .fusion-column-wrapper {margin-right : 1.92%;margin-left : 1.92%;}}@media only screen and (max-width:640px) {.fusion-body .fusion-builder-column-2{width:100% !important;order : 0;}.fusion-builder-column-2 > .fusion-column-wrapper {margin-right : 1.92%;margin-left : 1.92%;}}<\/style><\/div><\/div><style type=\"text\/css\">.fusion-body .fusion-flex-container.fusion-builder-row-3{ padding-top : 0px;margin-top : 0px;padding-right : 0px;padding-bottom : 0px;margin-bottom : 0px;padding-left : 0px;}<\/style><\/div><\/p>\n","protected":false},"excerpt":{"rendered":"","protected":false},"author":1,"featured_media":0,"parent":0,"menu_order":0,"comment_status":"closed","ping_status":"closed","template":"100-width.php","meta":{"footnotes":""},"class_list":["post-3540","page","type-page","status-publish","hentry"],"_links":{"self":[{"href":"https:\/\/www.quintadofundo.com\/es\/wp-json\/wp\/v2\/pages\/3540","targetHints":{"allow":["GET"]}}],"collection":[{"href":"https:\/\/www.quintadofundo.com\/es\/wp-json\/wp\/v2\/pages"}],"about":[{"href":"https:\/\/www.quintadofundo.com\/es\/wp-json\/wp\/v2\/types\/page"}],"author":[{"embeddable":true,"href":"https:\/\/www.quintadofundo.com\/es\/wp-json\/wp\/v2\/users\/1"}],"replies":[{"embeddable":true,"href":"https:\/\/www.quintadofundo.com\/es\/wp-json\/wp\/v2\/comments?post=3540"}],"version-history":[{"count":7,"href":"https:\/\/www.quintadofundo.com\/es\/wp-json\/wp\/v2\/pages\/3540\/revisions"}],"predecessor-version":[{"id":8598,"href":"https:\/\/www.quintadofundo.com\/es\/wp-json\/wp\/v2\/pages\/3540\/revisions\/8598"}],"wp:attachment":[{"href":"https:\/\/www.quintadofundo.com\/es\/wp-json\/wp\/v2\/media?parent=3540"}],"curies":[{"name":"wp","href":"https:\/\/api.w.org\/{rel}","templated":true}]}}